{"id":519,"date":"2025-09-22T14:07:39","date_gmt":"2025-09-22T12:07:39","guid":{"rendered":"https:\/\/ingine.sk\/?page_id=519"},"modified":"2025-11-17T16:58:34","modified_gmt":"2025-11-17T15:58:34","slug":"contact-us","status":"publish","type":"page","link":"https:\/\/ingine.sk\/?page_id=519","title":{"rendered":"05_kontaktova\u0165"},"content":{"rendered":"\t\t<div data-elementor-type=\"wp-page\" data-elementor-id=\"519\" class=\"elementor elementor-519\">\n\t\t\t\t<div class=\"elementor-element elementor-element-9875908 e-con-full e-flex e-con e-parent\" data-id=\"9875908\" data-element_type=\"container\">\n\t\t<div class=\"elementor-element elementor-element-2a96d966 e-con-full e-flex e-con e-child\" data-id=\"2a96d966\" data-element_type=\"container\">\n\t\t<div class=\"elementor-element elementor-element-1cb7e1b8 e-con-full e-flex e-con e-child\" data-id=\"1cb7e1b8\" data-element_type=\"container\">\n\t\t\t\t<div class=\"elementor-element elementor-element-2a804c27 elementor-widget elementor-widget-heading\" data-id=\"2a804c27\" data-element_type=\"widget\" data-widget_type=\"heading.default\">\n\t\t\t\t\t<h1 class=\"elementor-heading-title elementor-size-default\">Sme tu, aby sme v\u00e1m pomohli. Ozvite sa n\u00e1m a radi v\u00e1m pom\u00f4\u017eeme. <\/h1>\t\t\t\t<\/div>\n\t\t\t\t<div class=\"elementor-element elementor-element-47c909d3 elementor-widget__width-initial elementor-invisible elementor-widget elementor-widget-text-editor\" data-id=\"47c909d3\" data-element_type=\"widget\" data-settings=\"{&quot;_animation&quot;:&quot;fadeInDown&quot;}\" data-widget_type=\"text-editor.default\">\n\t\t\t\t\t\t\t\t\t<p>Rie\u0161ime in\u017einiering pre v\u00e1s. P\u00fdtajte sa, radi odpovieme \u2013 ka\u017ed\u00e1 ot\u00e1zka m\u00e1 svoje miesto.<br data-start=\"833\" data-end=\"836\" \/>Ver\u00edme, \u017ee dobr\u00e1 komunik\u00e1cia je z\u00e1klad dobr\u00e9ho rie\u0161enia.<\/p>\t\t\t\t\t\t\t\t<\/div>\n\t\t\t\t<\/div>\n\t\t<div class=\"elementor-element elementor-element-4027aabc e-con-full e-flex e-con e-child\" data-id=\"4027aabc\" data-element_type=\"container\">\n\t\t\t\t<div class=\"elementor-element elementor-element-6493cc46 elementor-widget__width-initial elementor-widget-mobile__width-inherit elementor-widget elementor-widget-icon-box\" data-id=\"6493cc46\" data-element_type=\"widget\" data-widget_type=\"icon-box.default\">\n\t\t\t\t\t\t\t<div class=\"elementor-icon-box-wrapper\">\n\n\t\t\t\n\t\t\t\t\t\t<div class=\"elementor-icon-box-content\">\n\n\t\t\t\t\t\t\t\t\t<h3 class=\"elementor-icon-box-title\">\n\t\t\t\t\t\t<span  >\n\t\t\t\t\t\t\tozvite sa n\u00e1m\t\t\t\t\t\t<\/span>\n\t\t\t\t\t<\/h3>\n\t\t\t\t\n\t\t\t\t\t\t\t\t\t<p class=\"elementor-icon-box-description\">\n\t\t\t\t\t\t<span>info@ingine.sk<\/span><span><\/span>\t\t\t\t\t<\/p>\n\t\t\t\t\n\t\t\t<\/div>\n\t\t\t\n\t\t<\/div>\n\t\t\t\t\t\t<\/div>\n\t\t\t\t<div class=\"elementor-element elementor-element-350f4364 elementor-widget__width-initial elementor-widget-mobile__width-inherit elementor-widget elementor-widget-icon-box\" data-id=\"350f4364\" data-element_type=\"widget\" data-widget_type=\"icon-box.default\">\n\t\t\t\t\t\t\t<div class=\"elementor-icon-box-wrapper\">\n\n\t\t\t\n\t\t\t\t\t\t<div class=\"elementor-icon-box-content\">\n\n\t\t\t\t\t\t\t\t\t<h3 class=\"elementor-icon-box-title\">\n\t\t\t\t\t\t<span  >\n\t\t\t\t\t\t\tkontakt\t\t\t\t\t\t<\/span>\n\t\t\t\t\t<\/h3>\n\t\t\t\t\n\t\t\t\t\t\t\t\t\t<p class=\"elementor-icon-box-description\">\n\t\t\t\t\t\t<span>+ 421 907 375 410<\/span><span><\/span>\t\t\t\t\t<\/p>\n\t\t\t\t\n\t\t\t<\/div>\n\t\t\t\n\t\t<\/div>\n\t\t\t\t\t\t<\/div>\n\t\t\t\t<div class=\"elementor-element elementor-element-59d55b44 elementor-widget__width-initial elementor-widget-mobile__width-inherit elementor-hidden-desktop elementor-hidden-tablet elementor-hidden-mobile elementor-widget elementor-widget-icon-box\" data-id=\"59d55b44\" data-element_type=\"widget\" data-widget_type=\"icon-box.default\">\n\t\t\t\t\t\t\t<div class=\"elementor-icon-box-wrapper\">\n\n\t\t\t\n\t\t\t\t\t\t<div class=\"elementor-icon-box-content\">\n\n\t\t\t\t\t\t\t\t\t<h3 class=\"elementor-icon-box-title\">\n\t\t\t\t\t\t<span  >\n\t\t\t\t\t\t\tinstagram\t\t\t\t\t\t<\/span>\n\t\t\t\t\t<\/h3>\n\t\t\t\t\n\t\t\t\t\t\t\t\t\t<p class=\"elementor-icon-box-description\">\n\t\t\t\t\t\tintagram\t\t\t\t\t<\/p>\n\t\t\t\t\n\t\t\t<\/div>\n\t\t\t\n\t\t<\/div>\n\t\t\t\t\t\t<\/div>\n\t\t\t\t<\/div>\n\t\t\t\t<\/div>\n\t\t<div class=\"elementor-element elementor-element-5f100613 e-con-full e-flex e-con e-child\" data-id=\"5f100613\" data-element_type=\"container\" data-settings=\"{&quot;background_background&quot;:&quot;classic&quot;}\">\n\t\t\t\t<\/div>\n\t\t\t\t<\/div>\n\t\t<div class=\"elementor-element elementor-element-49b970b1 e-con-full e-flex e-con e-parent\" data-id=\"49b970b1\" data-element_type=\"container\">\n\t\t<div class=\"elementor-element elementor-element-505336fa e-con-full e-flex e-con e-child\" data-id=\"505336fa\" data-element_type=\"container\" data-settings=\"{&quot;background_background&quot;:&quot;classic&quot;}\">\n\t\t\t\t<\/div>\n\t\t<div class=\"elementor-element elementor-element-4838d02c e-con-full e-flex e-con e-child\" data-id=\"4838d02c\" data-element_type=\"container\">\n\t\t\t\t<div class=\"elementor-element elementor-element-5db47c8 elementor-widget elementor-widget-menu-anchor\" data-id=\"5db47c8\" data-element_type=\"widget\" data-widget_type=\"menu-anchor.default\">\n\t\t\t\t\t\t\t<div class=\"elementor-menu-anchor\" id=\"napis\"><\/div>\n\t\t\t\t\t\t<\/div>\n\t\t\t\t<div class=\"elementor-element elementor-element-5fd23b7e elementor-widget elementor-widget-heading\" data-id=\"5fd23b7e\" data-element_type=\"widget\" data-widget_type=\"heading.default\">\n\t\t\t\t\t<span class=\"elementor-heading-title elementor-size-default\">Nap\u00ed\u0161te n\u00e1m<\/span>\t\t\t\t<\/div>\n\t\t<div class=\"elementor-element elementor-element-75fd9e56 e-con-full e-flex e-con e-child\" data-id=\"75fd9e56\" data-element_type=\"container\">\n\t\t\t\t<div class=\"elementor-element elementor-element-5da44d6 elementor-widget elementor-widget-shortcode\" data-id=\"5da44d6\" data-element_type=\"widget\" data-widget_type=\"shortcode.default\">\n\t\t\t\t\t\t\t<div class=\"elementor-shortcode\">\n<div class=\"wpcf7 no-js\" id=\"wpcf7-f1065-o1\" lang=\"sk-SK\" dir=\"ltr\" data-wpcf7-id=\"1065\">\n<div class=\"screen-reader-response\"><p role=\"status\" aria-live=\"polite\" aria-atomic=\"true\"><\/p> <ul><\/ul><\/div>\n<form action=\"\/index.php?rest_route=%2Fwp%2Fv2%2Fpages%2F519#wpcf7-f1065-o1\" method=\"post\" class=\"wpcf7-form init\" aria-label=\"Kontaktn\u00fd formul\u00e1r\" novalidate=\"novalidate\" data-status=\"init\">\n<fieldset class=\"hidden-fields-container\"><input type=\"hidden\" name=\"_wpcf7\" value=\"1065\" \/><input type=\"hidden\" name=\"_wpcf7_version\" value=\"6.1.2\" \/><input type=\"hidden\" name=\"_wpcf7_locale\" value=\"sk_SK\" \/><input type=\"hidden\" name=\"_wpcf7_unit_tag\" value=\"wpcf7-f1065-o1\" \/><input type=\"hidden\" name=\"_wpcf7_container_post\" value=\"0\" \/><input type=\"hidden\" name=\"_wpcf7_posted_data_hash\" value=\"\" \/>\n<\/fieldset>\n<p><label> Va\u0161e meno<br \/>\n<span class=\"wpcf7-form-control-wrap\" data-name=\"your-name\"><input size=\"40\" maxlength=\"400\" class=\"wpcf7-form-control wpcf7-text wpcf7-validates-as-required\" autocomplete=\"name\" aria-required=\"true\" aria-invalid=\"false\" value=\"\" type=\"text\" name=\"your-name\" \/><\/span> <\/label>\n<\/p>\n<p><label> V\u00e1\u0161 email<br \/>\n<span class=\"wpcf7-form-control-wrap\" data-name=\"your-email\"><input size=\"40\" maxlength=\"400\" class=\"wpcf7-form-control wpcf7-email wpcf7-validates-as-required wpcf7-text wpcf7-validates-as-email\" autocomplete=\"email\" aria-required=\"true\" aria-invalid=\"false\" value=\"\" type=\"email\" name=\"your-email\" \/><\/span> <\/label>\n<\/p>\n<p><label> Predmet<br \/>\n<span class=\"wpcf7-form-control-wrap\" data-name=\"your-subject\"><input size=\"40\" maxlength=\"400\" class=\"wpcf7-form-control wpcf7-text wpcf7-validates-as-required\" aria-required=\"true\" aria-invalid=\"false\" value=\"\" type=\"text\" name=\"your-subject\" \/><\/span> <\/label>\n<\/p>\n<p><label> Va\u0161a spr\u00e1va (volite\u013en\u00e9)<br \/>\n<span class=\"wpcf7-form-control-wrap\" data-name=\"your-message\"><textarea cols=\"40\" rows=\"10\" maxlength=\"2000\" class=\"wpcf7-form-control wpcf7-textarea\" aria-invalid=\"false\" name=\"your-message\"><\/textarea><\/span> <\/label>\n<\/p>\n<p><input class=\"wpcf7-form-control wpcf7-submit has-spinner\" type=\"submit\" value=\"Odosla\u0165\" \/>\n<\/p><div class=\"wpcf7-response-output\" aria-hidden=\"true\"><\/div>\n<\/form>\n<\/div>\n\n<\/div>\n\t\t\t\t\t\t<\/div>\n\t\t\t\t<\/div>\n\t\t\t\t<\/div>\n\t\t\t\t<\/div>\n\t\t\t\t<\/div>\n\t\t","protected":false},"excerpt":{"rendered":"<p>Sme tu, aby sme v\u00e1m pomohli. Ozvite sa n\u00e1m a radi v\u00e1m pom\u00f4\u017eeme. Rie\u0161ime in\u017einiering pre v\u00e1s. P\u00fdtajte sa, radi odpovieme \u2013 ka\u017ed\u00e1 ot\u00e1zka m\u00e1 svoje miesto.Ver\u00edme, \u017ee dobr\u00e1 komunik\u00e1cia je z\u00e1klad dobr\u00e9ho rie\u0161enia. ozvite sa n\u00e1m info@ingine.sk kontakt + 421 907 375 410 instagram intagram Nap\u00ed\u0161te n\u00e1m<\/p>\n","protected":false},"author":1,"featured_media":524,"parent":0,"menu_order":0,"comment_status":"closed","ping_status":"closed","template":"elementor_header_footer","meta":{"footnotes":""},"class_list":["post-519","page","type-page","status-publish","has-post-thumbnail","hentry"],"_links":{"self":[{"href":"https:\/\/ingine.sk\/index.php?rest_route=\/wp\/v2\/pages\/519","targetHints":{"allow":["GET"]}}],"collection":[{"href":"https:\/\/ingine.sk\/index.php?rest_route=\/wp\/v2\/pages"}],"about":[{"href":"https:\/\/ingine.sk\/index.php?rest_route=\/wp\/v2\/types\/page"}],"author":[{"embeddable":true,"href":"https:\/\/ingine.sk\/index.php?rest_route=\/wp\/v2\/users\/1"}],"replies":[{"embeddable":true,"href":"https:\/\/ingine.sk\/index.php?rest_route=%2Fwp%2Fv2%2Fcomments&post=519"}],"version-history":[{"count":72,"href":"https:\/\/ingine.sk\/index.php?rest_route=\/wp\/v2\/pages\/519\/revisions"}],"predecessor-version":[{"id":1264,"href":"https:\/\/ingine.sk\/index.php?rest_route=\/wp\/v2\/pages\/519\/revisions\/1264"}],"wp:featuredmedia":[{"embeddable":true,"href":"https:\/\/ingine.sk\/index.php?rest_route=\/wp\/v2\/media\/524"}],"wp:attachment":[{"href":"https:\/\/ingine.sk\/index.php?rest_route=%2Fwp%2Fv2%2Fmedia&parent=519"}],"curies":[{"name":"wp","href":"https:\/\/api.w.org\/{rel}","templated":true}]}}