{"id":543,"date":"2025-09-22T14:07:47","date_gmt":"2025-09-22T12:07:47","guid":{"rendered":"https:\/\/ingine.sk\/?page_id=543"},"modified":"2025-11-17T16:51:50","modified_gmt":"2025-11-17T15:51:50","slug":"about-us","status":"publish","type":"page","link":"https:\/\/ingine.sk\/?page_id=543","title":{"rendered":"02_o nas"},"content":{"rendered":"\t\t<div data-elementor-type=\"wp-page\" data-elementor-id=\"543\" class=\"elementor elementor-543\">\n\t\t\t\t<div class=\"elementor-element elementor-element-19ef1803 e-con-full e-flex e-con e-parent\" data-id=\"19ef1803\" data-element_type=\"container\">\n\t\t<div class=\"elementor-element elementor-element-1324e3b6 e-con-full e-flex e-con e-child\" data-id=\"1324e3b6\" data-element_type=\"container\">\n\t\t<div class=\"elementor-element elementor-element-1cadb05f e-con-full e-flex e-con e-child\" data-id=\"1cadb05f\" data-element_type=\"container\">\n\t\t\t\t<div class=\"elementor-element elementor-element-30fbb45e elementor-widget elementor-widget-heading\" data-id=\"30fbb45e\" data-element_type=\"widget\" data-widget_type=\"heading.default\">\n\t\t\t\t\t<h1 class=\"elementor-heading-title elementor-size-default\">Sme odborn\u00edci v oblasti stavebnej legislat\u00edvy a in\u017einierskej \u010dinnosti  \n<\/h1>\t\t\t\t<\/div>\n\t\t\t\t<div class=\"elementor-element elementor-element-1a58cb49 elementor-widget__width-initial elementor-invisible elementor-widget elementor-widget-text-editor\" data-id=\"1a58cb49\" data-element_type=\"widget\" data-settings=\"{&quot;_animation&quot;:&quot;fadeInDown&quot;}\" data-widget_type=\"text-editor.default\">\n\t\t\t\t\t\t\t\t\t<p>Sp\u00e1jame hlbok\u00e9 znalosti stavebnej legislat\u00edvy s praktick\u00fdmi sk\u00fasenos\u0165ami v in\u017einierskej \u010dinnosti, aby sme va\u0161u v\u00fdstavbu pripravili, zabezpe\u010dili a zrealizovali bez komplik\u00e1ci\u00ed.<\/p>\t\t\t\t\t\t\t\t<\/div>\n\t\t\t\t<\/div>\n\t\t\t\t<div class=\"elementor-element elementor-element-1ceac7c0 elementor-invisible elementor-widget elementor-widget-heading\" data-id=\"1ceac7c0\" data-element_type=\"widget\" data-settings=\"{&quot;_animation&quot;:&quot;fadeInUp&quot;}\" data-widget_type=\"heading.default\">\n\t\t\t\t\t<span class=\"elementor-heading-title elementor-size-default\">o n\u00e1s<\/span>\t\t\t\t<\/div>\n\t\t\t\t<\/div>\n\t\t<div class=\"elementor-element elementor-element-3d423c1b e-con-full e-flex e-con e-child\" data-id=\"3d423c1b\" data-element_type=\"container\" data-settings=\"{&quot;background_background&quot;:&quot;classic&quot;}\">\n\t\t\t\t<\/div>\n\t\t\t\t<\/div>\n\t\t<div class=\"elementor-element elementor-element-6d796fa4 e-con-full e-flex e-con e-parent\" data-id=\"6d796fa4\" data-element_type=\"container\">\n\t\t<div class=\"elementor-element elementor-element-120bfebc e-con-full e-flex e-con e-child\" data-id=\"120bfebc\" data-element_type=\"container\" data-settings=\"{&quot;background_background&quot;:&quot;classic&quot;}\">\n\t\t\t\t<\/div>\n\t\t<div class=\"elementor-element elementor-element-358ca1a6 e-con-full e-flex e-con e-child\" data-id=\"358ca1a6\" data-element_type=\"container\">\n\t\t\t\t<div class=\"elementor-element elementor-element-f555ea7 elementor-widget elementor-widget-heading\" data-id=\"f555ea7\" data-element_type=\"widget\" data-widget_type=\"heading.default\">\n\t\t\t\t\t<h2 class=\"elementor-heading-title elementor-size-default\">Na\u0161a odbornos\u0165 a sk\u00fasenosti<\/h2>\t\t\t\t<\/div>\n\t\t\t\t<div class=\"elementor-element elementor-element-65dd65ce elementor-widget-tablet__width-initial elementor-widget elementor-widget-text-editor\" data-id=\"65dd65ce\" data-element_type=\"widget\" data-widget_type=\"text-editor.default\">\n\t\t\t\t\t\t\t\t\t<p>M\u00e1me sk\u00fasenosti so stavebn\u00fdm aj \u00fazemnopl\u00e1novac\u00edm procesom. Pre\u0161li sme povo\u013eovan\u00edm mal\u00fdch stavieb, rodinn\u00fdch domov, objektov individu\u00e1lnej rekre\u00e1cie, objektov na b\u00fdvanie, cyyklotr\u00e1s a\u017e po ve\u013ek\u00e9 dopravn\u00e9 projekty. Zabezep\u010d\u00edme v\u00e1m kompletn\u00fd povo\u013eovac\u00ed proces a v\u010faka dlhoro\u010dn\u00fdm sk\u00fasenostiam, vieme zabezpe\u010di\u0165 spr\u00e1vnu postupnos\u0165 krokov a \u00fakonov potrebn\u00fdch na \u00faspe\u0161n\u00fa realiz\u00e1ciu projektu. Zabezpe\u010d\u00edme v\u0161etky potrebn\u00e9 podania \u2013 od \u017eiadost\u00ed, cez koordin\u00e1ciu s dotknut\u00fdmi org\u00e1nmi, a\u017e po z\u00edskanie v\u0161etk\u00fdch potrebn\u00fdch stanov\u00edsk a povolen\u00ed. Ovl\u00e1dame nielen stavebn\u00fd z\u00e1kon, ale aj \u00fazemnopl\u00e1novacie postupy.<\/p><p>Uvedomujeme si, \u017ee v\u00fdklad legislat\u00edvy nie je v\u017edy jednoduch\u00fd, no pr\u00e1ve v tom vid\u00edme v\u00fdzvu, ktor\u00fa s odborn\u00fdm pr\u00edstupom a zodpovednos\u0165ou radi rie\u0161ime. Sna\u017e\u00edme sa, aby nielen vy ste boli spokojn\u00ed, ale aj \u00faradn\u00edci mali pripraven\u00fd materi\u00e1l tak, aby proces povo\u013eovania prebiehal hladko, bez zbyto\u010dn\u00fdch sp\u00e4\u0165vzat\u00ed, dop\u013a\u0148an\u00ed \u010di opakovan\u00fdch konan\u00ed.<\/p>\t\t\t\t\t\t\t\t<\/div>\n\t\t\t\t<\/div>\n\t\t\t\t<\/div>\n\t\t<div class=\"elementor-element elementor-element-1f7a8d9f e-con-full e-flex e-con e-parent\" data-id=\"1f7a8d9f\" data-element_type=\"container\">\n\t\t\t\t<div class=\"elementor-element elementor-element-197f8eca elementor-hidden-desktop elementor-hidden-tablet elementor-hidden-mobile elementor-widget elementor-widget-heading\" data-id=\"197f8eca\" data-element_type=\"widget\" data-widget_type=\"heading.default\">\n\t\t\t\t\t<span class=\"elementor-heading-title elementor-size-default\">n\u00c1\u0160 T\u00cdM <\/span>\t\t\t\t<\/div>\n\t\t<div class=\"elementor-element elementor-element-146f7095 e-con-full elementor-hidden-desktop elementor-hidden-tablet elementor-hidden-mobile e-flex e-con e-child\" data-id=\"146f7095\" data-element_type=\"container\">\n\t\t\t\t<div class=\"elementor-element elementor-element-15ae3bcd elementor-widget-tablet__width-initial elementor-widget-mobile__width-inherit elementor-position-top elementor-widget elementor-widget-image-box\" data-id=\"15ae3bcd\" data-element_type=\"widget\" data-widget_type=\"image-box.default\">\n\t\t\t\t\t<div class=\"elementor-image-box-wrapper\"><figure class=\"elementor-image-box-img\"><img fetchpriority=\"high\" decoding=\"async\" width=\"327\" height=\"293\" src=\"https:\/\/ingine.sk\/wp-content\/uploads\/2025\/09\/AboutPage-Instructors_1.jpg\" class=\"elementor-animation-sink attachment-full size-full wp-image-546\" alt=\"\" srcset=\"https:\/\/ingine.sk\/wp-content\/uploads\/2025\/09\/AboutPage-Instructors_1.jpg 327w, https:\/\/ingine.sk\/wp-content\/uploads\/2025\/09\/AboutPage-Instructors_1-300x269.jpg 300w\" sizes=\"(max-width: 327px) 100vw, 327px\" \/><\/figure><div class=\"elementor-image-box-content\"><h3 class=\"elementor-image-box-title\">Hana Grohman<\/h3><p class=\"elementor-image-box-description\">Riadite\u013eka pr\u00edpravy <\/p><\/div><\/div>\t\t\t\t<\/div>\n\t\t\t\t<div class=\"elementor-element elementor-element-6230e63d elementor-widget-tablet__width-initial elementor-widget-mobile__width-inherit elementor-position-top elementor-widget elementor-widget-image-box\" data-id=\"6230e63d\" data-element_type=\"widget\" data-widget_type=\"image-box.default\">\n\t\t\t\t\t<div class=\"elementor-image-box-wrapper\"><figure class=\"elementor-image-box-img\"><img decoding=\"async\" width=\"327\" height=\"293\" src=\"https:\/\/ingine.sk\/wp-content\/uploads\/2025\/09\/AboutPage-Instructors_2.jpg\" class=\"elementor-animation-sink attachment-full size-full wp-image-547\" alt=\"\" srcset=\"https:\/\/ingine.sk\/wp-content\/uploads\/2025\/09\/AboutPage-Instructors_2.jpg 327w, https:\/\/ingine.sk\/wp-content\/uploads\/2025\/09\/AboutPage-Instructors_2-300x269.jpg 300w\" sizes=\"(max-width: 327px) 100vw, 327px\" \/><\/figure><div class=\"elementor-image-box-content\"><h3 class=\"elementor-image-box-title\">Mikel Daniels<\/h3><p class=\"elementor-image-box-description\">Master The Basics Instructor<\/p><\/div><\/div>\t\t\t\t<\/div>\n\t\t\t\t<div class=\"elementor-element elementor-element-37a88672 elementor-widget-tablet__width-initial elementor-widget-mobile__width-inherit elementor-position-top elementor-widget elementor-widget-image-box\" data-id=\"37a88672\" data-element_type=\"widget\" data-widget_type=\"image-box.default\">\n\t\t\t\t\t<div class=\"elementor-image-box-wrapper\"><figure class=\"elementor-image-box-img\"><img decoding=\"async\" width=\"327\" height=\"293\" src=\"https:\/\/ingine.sk\/wp-content\/uploads\/2025\/09\/AboutPage-Instructors_3.jpg\" class=\"elementor-animation-sink attachment-full size-full wp-image-548\" alt=\"\" srcset=\"https:\/\/ingine.sk\/wp-content\/uploads\/2025\/09\/AboutPage-Instructors_3.jpg 327w, https:\/\/ingine.sk\/wp-content\/uploads\/2025\/09\/AboutPage-Instructors_3-300x269.jpg 300w\" sizes=\"(max-width: 327px) 100vw, 327px\" \/><\/figure><div class=\"elementor-image-box-content\"><h3 class=\"elementor-image-box-title\">Ella Finors<\/h3><p class=\"elementor-image-box-description\">Ceramic Basics Instructor<\/p><\/div><\/div>\t\t\t\t<\/div>\n\t\t\t\t<div class=\"elementor-element elementor-element-35b6758f elementor-widget-tablet__width-initial elementor-widget-mobile__width-inherit elementor-position-top elementor-widget elementor-widget-image-box\" data-id=\"35b6758f\" data-element_type=\"widget\" data-widget_type=\"image-box.default\">\n\t\t\t\t\t<div class=\"elementor-image-box-wrapper\"><figure class=\"elementor-image-box-img\"><img loading=\"lazy\" decoding=\"async\" width=\"327\" height=\"293\" src=\"https:\/\/ingine.sk\/wp-content\/uploads\/2025\/09\/AboutPage-Instructors_4.jpg\" class=\"elementor-animation-sink attachment-full size-full wp-image-549\" alt=\"\" srcset=\"https:\/\/ingine.sk\/wp-content\/uploads\/2025\/09\/AboutPage-Instructors_4.jpg 327w, https:\/\/ingine.sk\/wp-content\/uploads\/2025\/09\/AboutPage-Instructors_4-300x269.jpg 300w\" sizes=\"(max-width: 327px) 100vw, 327px\" \/><\/figure><div class=\"elementor-image-box-content\"><h3 class=\"elementor-image-box-title\">Storm Wills<\/h3><p class=\"elementor-image-box-description\">Ceramics Superhero Instructor\n<\/p><\/div><\/div>\t\t\t\t<\/div>\n\t\t\t\t<\/div>\n\t\t\t\t<\/div>\n\t\t<div class=\"elementor-element elementor-element-69340c3b e-flex e-con-boxed e-con e-parent\" data-id=\"69340c3b\" data-element_type=\"container\">\n\t\t\t\t\t<div class=\"e-con-inner\">\n\t\t\t\t<div class=\"elementor-element elementor-element-4711d607 elementor-widget-divider--view-line elementor-widget elementor-widget-divider\" data-id=\"4711d607\" data-element_type=\"widget\" data-widget_type=\"divider.default\">\n\t\t\t\t\t\t\t<div class=\"elementor-divider\">\n\t\t\t<span class=\"elementor-divider-separator\">\n\t\t\t\t\t\t<\/span>\n\t\t<\/div>\n\t\t\t\t\t\t<\/div>\n\t\t\t\t<div class=\"elementor-element elementor-element-79477c55 elementor-widget elementor-widget-heading\" data-id=\"79477c55\" data-element_type=\"widget\" data-widget_type=\"heading.default\">\n\t\t\t\t\t<h2 class=\"elementor-heading-title elementor-size-default\">Sme tu, <br>aby ste to mali jednoduch\u0161ie<\/h2>\t\t\t\t<\/div>\n\t\t\t\t<div class=\"elementor-element elementor-element-a4c3e5c elementor-invisible elementor-widget elementor-widget-text-editor\" data-id=\"a4c3e5c\" data-element_type=\"widget\" data-settings=\"{&quot;_animation&quot;:&quot;fadeIn&quot;}\" data-widget_type=\"text-editor.default\">\n\t\t\t\t\t\t\t\t\t<p data-start=\"112\" data-end=\"464\">Vn\u00edmame, \u017ee \u010das ka\u017ed\u00e9ho z n\u00e1s je vz\u00e1cny \u2013 rovnako aj ten v\u00e1\u0161. Preto sme tu, aby sme v\u00e1m u\u0161etrili starosti a u\u013eah\u010dili cel\u00fd proces od za\u010diatku a\u017e do konca. Postar\u00e1me sa o ka\u017ed\u00fd detail, aby ste sa mohli s\u00fastredi\u0165 na to, \u010do je pre v\u00e1s skuto\u010dne d\u00f4le\u017eit\u00e9. Na\u0161\u00edm cie\u013eom je prin\u00e1\u0161a\u0165 rie\u0161enia, ktor\u00e9 \u0161etria \u010das, energiu aj n\u00e1klady \u2013 s d\u00f4razom na spo\u013eahlivos\u0165.<\/p><p data-start=\"466\" data-end=\"841\">V\u010faka sk\u00fasenostiam, odbornosti a osobn\u00e9mu pr\u00edstupu v\u00e1m pom\u00e1hame prejs\u0165 v\u0161etk\u00fdmi krokmi r\u00fdchlej\u0161ie a eliminova\u0165 zbyto\u010dn\u00e9 komplik\u00e1cie. Ka\u017ed\u00fd projekt vn\u00edmame ako jedine\u010dn\u00fd a pristupujeme k nemu zodpovedne, s oh\u013eadom na va\u0161e potreby a ciele. Aj ke\u010f nie v\u017edy ide v\u0161etko hladko, rob\u00edme maximum pre to, aby sme v\u00e1\u0161 projekt \u010di z\u00e1mer doviedli tam, kam chcete vy \u2013 k \u00faspe\u0161n\u00e9mu koncu.<\/p>\t\t\t\t\t\t\t\t<\/div>\n\t\t\t\t\t<\/div>\n\t\t\t\t<\/div>\n\t\t<div class=\"elementor-element elementor-element-45dac8e e-flex e-con-boxed e-con e-parent\" data-id=\"45dac8e\" data-element_type=\"container\">\n\t\t\t\t\t<div class=\"e-con-inner\">\n\t\t\t\t<div class=\"elementor-element elementor-element-80f28e5 elementor-widget elementor-widget-button\" data-id=\"80f28e5\" data-element_type=\"widget\" data-widget_type=\"button.default\">\n\t\t\t\t\t\t\t\t\t\t<a class=\"elementor-button elementor-button-link elementor-size-sm\" href=\"https:\/\/ingine.sk\/?page_id=534\">\n\t\t\t\t\t\t<span class=\"elementor-button-content-wrapper\">\n\t\t\t\t\t\t\t\t\t<span class=\"elementor-button-text\">na\u0161e slu\u017eby<\/span>\n\t\t\t\t\t<\/span>\n\t\t\t\t\t<\/a>\n\t\t\t\t\t\t\t\t<\/div>\n\t\t\t\t\t<\/div>\n\t\t\t\t<\/div>\n\t\t<div class=\"elementor-element elementor-element-46b5651b e-con-full e-flex e-con e-parent\" data-id=\"46b5651b\" data-element_type=\"container\" data-settings=\"{&quot;background_background&quot;:&quot;classic&quot;}\">\n\t\t<div class=\"elementor-element elementor-element-60f665f1 e-con-full e-flex e-con e-child\" data-id=\"60f665f1\" data-element_type=\"container\">\n\t\t\t\t<div class=\"elementor-element elementor-element-1395ee38 elementor-position-left elementor-vertical-align-middle elementor-hidden-desktop elementor-hidden-tablet elementor-hidden-mobile elementor-widget elementor-widget-image-box\" data-id=\"1395ee38\" data-element_type=\"widget\" data-widget_type=\"image-box.default\">\n\t\t\t\t\t<div class=\"elementor-image-box-wrapper\"><figure class=\"elementor-image-box-img\"><img loading=\"lazy\" decoding=\"async\" width=\"207\" height=\"185\" src=\"https:\/\/ingine.sk\/wp-content\/uploads\/2025\/09\/AboutPage-Testimonials_1.jpg\" class=\"attachment-full size-full wp-image-550\" alt=\"\" \/><\/figure><div class=\"elementor-image-box-content\"><p class=\"elementor-image-box-title\">\u201cLorem ipsum dolor sit amet, consectetur adipiscing elit, do eiusmod tempor incididunt ut labore et dolore magna aliqua. Ut enim ad minim veniam, quis nostrud exercitation ullamco laboris nisi ut aliquip ex ea commodo consequat.\u201d<\/p><p class=\"elementor-image-box-description\">Dan Smith<\/p><\/div><\/div>\t\t\t\t<\/div>\n\t\t\t\t<div class=\"elementor-element elementor-element-6ca5f40c elementor-position-left elementor-vertical-align-middle elementor-hidden-desktop elementor-hidden-tablet elementor-hidden-mobile elementor-widget elementor-widget-image-box\" data-id=\"6ca5f40c\" data-element_type=\"widget\" data-widget_type=\"image-box.default\">\n\t\t\t\t\t<div class=\"elementor-image-box-wrapper\"><figure class=\"elementor-image-box-img\"><img loading=\"lazy\" decoding=\"async\" width=\"207\" height=\"185\" src=\"https:\/\/ingine.sk\/wp-content\/uploads\/2025\/09\/AboutPage-Testimonials_2.jpg\" class=\"attachment-full size-full wp-image-551\" alt=\"\" \/><\/figure><div class=\"elementor-image-box-content\"><p class=\"elementor-image-box-title\">\u201cLorem ipsum dolor sit amet, consectetur adipiscing elit, do eiusmod tempor incididunt ut labore et dolore magna aliqua. Ut enim ad minim veniam, quis nostrud exercitation ullamco laboris nisi ut aliquip ex ea commodo consequat.\u201d<\/p><p class=\"elementor-image-box-description\">Mary D. Hall<\/p><\/div><\/div>\t\t\t\t<\/div>\n\t\t\t\t<\/div>\n\t\t\t\t<div class=\"elementor-element elementor-element-2e2a5b04 elementor-invisible elementor-widget elementor-widget-heading\" data-id=\"2e2a5b04\" data-element_type=\"widget\" data-settings=\"{&quot;_animation&quot;:&quot;fadeInUp&quot;}\" data-widget_type=\"heading.default\">\n\t\t\t\t\t<span class=\"elementor-heading-title elementor-size-default\">#INGINE<\/span>\t\t\t\t<\/div>\n\t\t\t\t<\/div>\n\t\t\t\t<\/div>\n\t\t","protected":false},"excerpt":{"rendered":"<p>Sme odborn\u00edci v oblasti stavebnej legislat\u00edvy a in\u017einierskej \u010dinnosti Sp\u00e1jame hlbok\u00e9 znalosti stavebnej legislat\u00edvy s praktick\u00fdmi sk\u00fasenos\u0165ami v in\u017einierskej \u010dinnosti, aby sme va\u0161u v\u00fdstavbu pripravili, zabezpe\u010dili a zrealizovali bez komplik\u00e1ci\u00ed. o n\u00e1s Na\u0161a odbornos\u0165 a sk\u00fasenosti M\u00e1me sk\u00fasenosti so stavebn\u00fdm aj \u00fazemnopl\u00e1novac\u00edm procesom. Pre\u0161li sme povo\u013eovan\u00edm mal\u00fdch stavieb, rodinn\u00fdch domov, objektov individu\u00e1lnej rekre\u00e1cie, objektov na [&hellip;]<\/p>\n","protected":false},"author":1,"featured_media":554,"parent":0,"menu_order":0,"comment_status":"closed","ping_status":"closed","template":"elementor_header_footer","meta":{"footnotes":""},"class_list":["post-543","page","type-page","status-publish","has-post-thumbnail","hentry"],"_links":{"self":[{"href":"https:\/\/ingine.sk\/index.php?rest_route=\/wp\/v2\/pages\/543","targetHints":{"allow":["GET"]}}],"collection":[{"href":"https:\/\/ingine.sk\/index.php?rest_route=\/wp\/v2\/pages"}],"about":[{"href":"https:\/\/ingine.sk\/index.php?rest_route=\/wp\/v2\/types\/page"}],"author":[{"embeddable":true,"href":"https:\/\/ingine.sk\/index.php?rest_route=\/wp\/v2\/users\/1"}],"replies":[{"embeddable":true,"href":"https:\/\/ingine.sk\/index.php?rest_route=%2Fwp%2Fv2%2Fcomments&post=543"}],"version-history":[{"count":65,"href":"https:\/\/ingine.sk\/index.php?rest_route=\/wp\/v2\/pages\/543\/revisions"}],"predecessor-version":[{"id":1246,"href":"https:\/\/ingine.sk\/index.php?rest_route=\/wp\/v2\/pages\/543\/revisions\/1246"}],"wp:featuredmedia":[{"embeddable":true,"href":"https:\/\/ingine.sk\/index.php?rest_route=\/wp\/v2\/media\/554"}],"wp:attachment":[{"href":"https:\/\/ingine.sk\/index.php?rest_route=%2Fwp%2Fv2%2Fmedia&parent=543"}],"curies":[{"name":"wp","href":"https:\/\/api.w.org\/{rel}","templated":true}]}}