{"id":555,"date":"2025-09-22T14:07:50","date_gmt":"2025-09-22T12:07:50","guid":{"rendered":"https:\/\/ingine.sk\/?page_id=555"},"modified":"2025-11-19T13:17:50","modified_gmt":"2025-11-19T12:17:50","slug":"home","status":"publish","type":"page","link":"https:\/\/ingine.sk\/","title":{"rendered":"01_uvodna stranka"},"content":{"rendered":"\t\t<div data-elementor-type=\"wp-page\" data-elementor-id=\"555\" class=\"elementor elementor-555\">\n\t\t\t\t<div class=\"elementor-element elementor-element-4c3a01b e-con-full e-flex e-con e-parent\" data-id=\"4c3a01b\" data-element_type=\"container\">\n\t\t<div class=\"elementor-element elementor-element-158e2c18 e-con-full e-flex e-con e-child\" data-id=\"158e2c18\" data-element_type=\"container\">\n\t\t<div class=\"elementor-element elementor-element-b8bf63d e-con-full e-flex e-con e-child\" data-id=\"b8bf63d\" data-element_type=\"container\">\n\t\t\t\t<div class=\"elementor-element elementor-element-4bd37299 elementor-widget elementor-widget-heading\" data-id=\"4bd37299\" data-element_type=\"widget\" data-widget_type=\"heading.default\">\n\t\t\t\t\t<h1 class=\"elementor-heading-title elementor-size-default\"><br>PORADENSTVO A IN\u017dINIERSKA \u010cINNOS\u0164 <\/h1>\t\t\t\t<\/div>\n\t\t\t\t<div class=\"elementor-element elementor-element-34557ee9 elementor-widget__width-initial elementor-widget elementor-widget-text-editor\" data-id=\"34557ee9\" data-element_type=\"widget\" data-widget_type=\"text-editor.default\">\n\t\t\t\t\t\t\t\t\t<p data-start=\"76\" data-end=\"221\"><strong data-start=\"76\" data-end=\"219\">Na\u0161u pr\u00e1cu rob\u00edme srdcom. Zodpovedne a spo\u013eahlivo. Ver\u00edme, \u017ee cesta k v\u00e1\u0161mu vysn\u00edvan\u00e9mu domu alebo in\u00e9mu objektu, nem\u00e1 by\u0165 pln\u00e1 papierov, ale sk\u00fasenost\u00ed, ktor\u00e9 v\u00e1m \u0161etria \u010das.<\/strong><\/p><p data-start=\"223\" data-end=\"308\"><strong data-start=\"223\" data-end=\"306\">Na\u0161im cie\u013eom je dosta\u0165 v\u00e1s k vysn\u00edvan\u00e9mu b\u00fdvaniu \u010do najr\u00fdchlej\u0161ie a bez stresu.<\/strong><\/p>\t\t\t\t\t\t\t\t<\/div>\n\t\t\t\t<div class=\"elementor-element elementor-element-32fc177d elementor-invisible elementor-widget elementor-widget-button\" data-id=\"32fc177d\" data-element_type=\"widget\" data-settings=\"{&quot;_animation&quot;:&quot;fadeInDown&quot;}\" data-widget_type=\"button.default\">\n\t\t\t\t\t\t\t\t\t\t<a class=\"elementor-button elementor-button-link elementor-size-sm elementor-animation-sink\" href=\"#nase-sluzby\">\n\t\t\t\t\t\t<span class=\"elementor-button-content-wrapper\">\n\t\t\t\t\t\t\t\t\t<span class=\"elementor-button-text\">POZRITE VIAC <\/span>\n\t\t\t\t\t<\/span>\n\t\t\t\t\t<\/a>\n\t\t\t\t\t\t\t\t<\/div>\n\t\t\t\t<\/div>\n\t\t\t\t<div class=\"elementor-element elementor-element-50be4a92 elementor-invisible elementor-widget elementor-widget-heading\" data-id=\"50be4a92\" data-element_type=\"widget\" data-settings=\"{&quot;_animation&quot;:&quot;fadeInUp&quot;}\" data-widget_type=\"heading.default\">\n\t\t\t\t\t<span class=\"elementor-heading-title elementor-size-default\">ingINE<\/span>\t\t\t\t<\/div>\n\t\t\t\t<\/div>\n\t\t\t\t<\/div>\n\t\t<div class=\"elementor-element elementor-element-73fd8e95 e-con-full e-flex e-con e-parent\" data-id=\"73fd8e95\" data-element_type=\"container\">\n\t\t<div class=\"elementor-element elementor-element-17209eb0 e-con-full e-flex e-con e-child\" data-id=\"17209eb0\" data-element_type=\"container\" data-settings=\"{&quot;background_background&quot;:&quot;classic&quot;}\">\n\t\t\t\t<\/div>\n\t\t<div class=\"elementor-element elementor-element-2be57289 e-con-full e-flex e-con e-child\" data-id=\"2be57289\" data-element_type=\"container\">\n\t\t\t\t<div class=\"elementor-element elementor-element-613938a4 elementor-widget elementor-widget-heading\" data-id=\"613938a4\" data-element_type=\"widget\" data-widget_type=\"heading.default\">\n\t\t\t\t\t<h2 class=\"elementor-heading-title elementor-size-default\">Sme t\u00edm \u013eud\u00ed, <br>ktor\u00ed v\u00e1m \u0161etria v\u00e1\u0161 \u010das<\/h2>\t\t\t\t<\/div>\n\t\t\t\t<div class=\"elementor-element elementor-element-3e8e9aed elementor-widget elementor-widget-text-editor\" data-id=\"3e8e9aed\" data-element_type=\"widget\" data-widget_type=\"text-editor.default\">\n\t\t\t\t\t\t\t\t\t<p>Staviate svoj domov a nechcete str\u00e1ca\u0165 hodiny na \u00faradoch? Vieme, o \u010dom hovor\u00edte.\u00a0<\/p><p>Pom\u00f4\u017eeme v\u00e1m vybavi\u0165 v\u0161etko r\u00fdchlo a bez komplik\u00e1ci\u00ed. S nami je stavba jednoduch\u0161ia, preh\u013eadnej\u0161ia a vy sa m\u00f4\u017eete s\u00fastredi\u0165 na to, \u010do je pre v\u00e1s naozaj d\u00f4le\u017eit\u00e9.<\/p>\t\t\t\t\t\t\t\t<\/div>\n\t\t\t\t<div class=\"elementor-element elementor-element-1118f93b elementor-invisible elementor-widget elementor-widget-button\" data-id=\"1118f93b\" data-element_type=\"widget\" data-settings=\"{&quot;_animation&quot;:&quot;fadeInDown&quot;}\" data-widget_type=\"button.default\">\n\t\t\t\t\t\t\t\t\t\t<a class=\"elementor-button elementor-button-link elementor-size-sm\" href=\"https:\/\/ingine.sk\/?page_id=543\">\n\t\t\t\t\t\t<span class=\"elementor-button-content-wrapper\">\n\t\t\t\t\t\t\t\t\t<span class=\"elementor-button-text\">viac o n\u00e1s<\/span>\n\t\t\t\t\t<\/span>\n\t\t\t\t\t<\/a>\n\t\t\t\t\t\t\t\t<\/div>\n\t\t\t\t<\/div>\n\t\t\t\t<\/div>\n\t\t<div class=\"elementor-element elementor-element-2c9e097c e-con-full e-flex e-con e-parent\" data-id=\"2c9e097c\" data-element_type=\"container\">\n\t\t\t\t<div class=\"elementor-element elementor-element-78eb18b elementor-widget elementor-widget-menu-anchor\" data-id=\"78eb18b\" data-element_type=\"widget\" data-widget_type=\"menu-anchor.default\">\n\t\t\t\t\t\t\t<div class=\"elementor-menu-anchor\" id=\"nase-sluzby\"><\/div>\n\t\t\t\t\t\t<\/div>\n\t\t\t\t<div class=\"elementor-element elementor-element-26a0950 elementor-widget elementor-widget-heading\" data-id=\"26a0950\" data-element_type=\"widget\" data-widget_type=\"heading.default\">\n\t\t\t\t\t<span class=\"elementor-heading-title elementor-size-default\">na\u0161e slu\u017eby<\/span>\t\t\t\t<\/div>\n\t\t<div class=\"elementor-element elementor-element-38988dea e-con-full e-flex e-con e-child\" data-id=\"38988dea\" data-element_type=\"container\">\n\t\t<div class=\"elementor-element elementor-element-4de24439 e-con-full e-flex e-con e-child\" data-id=\"4de24439\" data-element_type=\"container\">\n\t\t\t\t<div class=\"elementor-element elementor-element-a440234 elementor-widget elementor-widget-text-editor\" data-id=\"a440234\" data-element_type=\"widget\" data-widget_type=\"text-editor.default\">\n\t\t\t\t\t\t\t\t\t<p>Pon\u00fakame v\u00e1m \u0161k\u00e1lu \u010dinnost\u00ed \u2013 od overenia vhodnosti v\u00e1\u0161ho pozemku, cez vybavenie povolen\u00ed, a\u017e po hladk\u00e9 dokon\u010denie stavby. S nami je cel\u00fd proces jednoduch\u0161\u00ed, preh\u013eadnej\u0161\u00ed a bez zbyto\u010dn\u00fdch komplik\u00e1ci\u00ed.<\/p>\t\t\t\t\t\t\t\t<\/div>\n\t\t\t\t<div class=\"elementor-element elementor-element-10ec44b7 elementor-align-center elementor-invisible elementor-widget elementor-widget-button\" data-id=\"10ec44b7\" data-element_type=\"widget\" data-settings=\"{&quot;_animation&quot;:&quot;fadeInDown&quot;}\" data-widget_type=\"button.default\">\n\t\t\t\t\t\t\t\t\t\t<a class=\"elementor-button elementor-button-link elementor-size-sm elementor-animation-sink\" href=\"https:\/\/ingine.sk\/?page_id=534\">\n\t\t\t\t\t\t<span class=\"elementor-button-content-wrapper\">\n\t\t\t\t\t\t\t\t\t<span class=\"elementor-button-text\">Zisti viac o na\u0161ich slu\u017eb\u00e1ch<\/span>\n\t\t\t\t\t<\/span>\n\t\t\t\t\t<\/a>\n\t\t\t\t\t\t\t\t<\/div>\n\t\t\t\t<\/div>\n\t\t<div class=\"elementor-element elementor-element-400d557 e-con-full e-flex e-con e-child\" data-id=\"400d557\" data-element_type=\"container\">\n\t\t<div class=\"elementor-element elementor-element-5347ee94 e-con-full e-flex e-con e-child\" data-id=\"5347ee94\" data-element_type=\"container\">\n\t\t\t\t<div class=\"elementor-element elementor-element-a63c5c0 elementor-widget elementor-widget-heading\" data-id=\"a63c5c0\" data-element_type=\"widget\" data-widget_type=\"heading.default\">\n\t\t\t\t\t<h2 class=\"elementor-heading-title elementor-size-default\"><b>Chcete <\/b><b>stava\u0165 ?<\/b><\/h2>\t\t\t\t<\/div>\n\t\t\t\t<div class=\"elementor-element elementor-element-141ee4c elementor-widget elementor-widget-text-editor\" data-id=\"141ee4c\" data-element_type=\"widget\" data-widget_type=\"text-editor.default\">\n\t\t\t\t\t\t\t\t\t<p>Pl\u00e1nujete v\u00fdstavbu, ale e\u0161te nem\u00e1te pozemok? Alebo u\u017e m\u00e1te vybran\u00e9 miesto a nie ste si ist\u00ed, \u010di je vhodn\u00e9 pre va\u0161e pl\u00e1ny?<\/p>\t\t\t\t\t\t\t\t<\/div>\n\t\t\t\t<div class=\"elementor-element elementor-element-c8ed9f6 elementor-widget elementor-widget-button\" data-id=\"c8ed9f6\" data-element_type=\"widget\" data-widget_type=\"button.default\">\n\t\t\t\t\t\t\t\t\t\t<a class=\"elementor-button elementor-button-link elementor-size-sm\" href=\"https:\/\/ingine.sk\/?page_id=525\">\n\t\t\t\t\t\t<span class=\"elementor-button-content-wrapper\">\n\t\t\t\t\t\t\t\t\t<span class=\"elementor-button-text\">viac inform\u00e1ci\u00ed<\/span>\n\t\t\t\t\t<\/span>\n\t\t\t\t\t<\/a>\n\t\t\t\t\t\t\t\t<\/div>\n\t\t\t\t<\/div>\n\t\t<div class=\"elementor-element elementor-element-5e2df82d e-con-full e-flex e-con e-child\" data-id=\"5e2df82d\" data-element_type=\"container\">\n\t\t\t\t<div class=\"elementor-element elementor-element-286f29d elementor-widget elementor-widget-heading\" data-id=\"286f29d\" data-element_type=\"widget\" data-widget_type=\"heading.default\">\n\t\t\t\t\t<h2 class=\"elementor-heading-title elementor-size-default\"><b>Idete <\/b><b>stava\u0165 ?<\/b><\/h2>\t\t\t\t<\/div>\n\t\t\t\t<div class=\"elementor-element elementor-element-d433a5b elementor-widget elementor-widget-text-editor\" data-id=\"d433a5b\" data-element_type=\"widget\" data-widget_type=\"text-editor.default\">\n\t\t\t\t\t\t\t\t\t<p data-start=\"222\" data-end=\"356\">M\u00e1te pozemok a rozhodli ste sa za\u010da\u0165 v\u00fdstavbu? Alebo u\u017e m\u00e1te projekt a nie ste si ist\u00ed, ako ho spr\u00e1vne schv\u00e1li\u0165 a vybavi\u0165 povolenia?<\/p>\t\t\t\t\t\t\t\t<\/div>\n\t\t\t\t<div class=\"elementor-element elementor-element-7d3aa16b elementor-widget elementor-widget-button\" data-id=\"7d3aa16b\" data-element_type=\"widget\" data-widget_type=\"button.default\">\n\t\t\t\t\t\t\t\t\t\t<a class=\"elementor-button elementor-button-link elementor-size-sm\" href=\"https:\/\/ingine.sk\/?page_id=606\">\n\t\t\t\t\t\t<span class=\"elementor-button-content-wrapper\">\n\t\t\t\t\t\t\t\t\t<span class=\"elementor-button-text\">Viac Inform\u00e1cii<\/span>\n\t\t\t\t\t<\/span>\n\t\t\t\t\t<\/a>\n\t\t\t\t\t\t\t\t<\/div>\n\t\t\t\t<\/div>\n\t\t<div class=\"elementor-element elementor-element-608ddd19 e-con-full e-flex e-con e-child\" data-id=\"608ddd19\" data-element_type=\"container\">\n\t\t<div class=\"elementor-element elementor-element-b32f7a3 e-con-full e-flex e-con e-child\" data-id=\"b32f7a3\" data-element_type=\"container\">\n\t\t\t\t<div class=\"elementor-element elementor-element-9aa617f elementor-widget elementor-widget-heading\" data-id=\"9aa617f\" data-element_type=\"widget\" data-widget_type=\"heading.default\">\n\t\t\t\t\t<h2 class=\"elementor-heading-title elementor-size-default\"><b>M\u00e1te <\/b><b>postaven\u00e9 ?<\/b><\/h2>\t\t\t\t<\/div>\n\t\t\t\t<div class=\"elementor-element elementor-element-dc7c43e elementor-widget elementor-widget-text-editor\" data-id=\"dc7c43e\" data-element_type=\"widget\" data-widget_type=\"text-editor.default\">\n\t\t\t\t\t\t\t\t\t<p>M\u00e1te novostavbu alebo star\u0161iu stavbu, ktor\u00e1 nebola pr\u00e1vne skolaudovan\u00e1? Chcete ma\u0165 v\u0161etko v s\u00falade s predpismi?<\/p>\t\t\t\t\t\t\t\t<\/div>\n\t\t\t\t<div class=\"elementor-element elementor-element-c7abf2c elementor-widget elementor-widget-button\" data-id=\"c7abf2c\" data-element_type=\"widget\" data-widget_type=\"button.default\">\n\t\t\t\t\t\t\t\t\t\t<a class=\"elementor-button elementor-button-link elementor-size-sm\" href=\"https:\/\/ingine.sk\/?page_id=607\">\n\t\t\t\t\t\t<span class=\"elementor-button-content-wrapper\">\n\t\t\t\t\t\t\t\t\t<span class=\"elementor-button-text\">Viac Inform\u00e1cii<\/span>\n\t\t\t\t\t<\/span>\n\t\t\t\t\t<\/a>\n\t\t\t\t\t\t\t\t<\/div>\n\t\t\t\t<\/div>\n\t\t\t\t<\/div>\n\t\t\t\t<\/div>\n\t\t\t\t<\/div>\n\t\t\t\t<\/div>\n\t\t<div class=\"elementor-element elementor-element-3804010 e-con-full e-flex e-con e-parent\" data-id=\"3804010\" data-element_type=\"container\">\n\t\t\t\t<div class=\"elementor-element elementor-element-58c775e elementor-widget elementor-widget-heading\" data-id=\"58c775e\" data-element_type=\"widget\" data-widget_type=\"heading.default\">\n\t\t\t\t\t<span class=\"elementor-heading-title elementor-size-default\">Pon\u00fakame v\u00e1m<br>\n<\/span>\t\t\t\t<\/div>\n\t\t<div class=\"elementor-element elementor-element-d1e2c76 e-con-full e-flex e-con e-child\" data-id=\"d1e2c76\" data-element_type=\"container\">\n\t\t<div class=\"elementor-element elementor-element-a4d91b2 e-con-full e-flex e-con e-child\" data-id=\"a4d91b2\" data-element_type=\"container\">\n\t\t<div class=\"elementor-element elementor-element-27c2929 e-con-full e-flex e-con e-child\" data-id=\"27c2929\" data-element_type=\"container\">\n\t\t\t\t<div class=\"elementor-element elementor-element-cc6ca69 elementor-widget elementor-widget-heading\" data-id=\"cc6ca69\" data-element_type=\"widget\" data-widget_type=\"heading.default\">\n\t\t\t\t\t<h1 class=\"elementor-heading-title elementor-size-default\">Legislat\u00edvne poradenstvo,  \ns\u00falad so stavebn\u00fdm z\u00e1konom <\/h1>\t\t\t\t<\/div>\n\t\t\t\t<div class=\"elementor-element elementor-element-27e6739 elementor-widget elementor-widget-text-editor\" data-id=\"27e6739\" data-element_type=\"widget\" data-widget_type=\"text-editor.default\">\n\t\t\t\t\t\t\t\t\t<p>Prever\u00edme mo\u017enosti v\u00fdstavby v s\u00falade s \u00fazemn\u00fdm pl\u00e1nom, zos\u00falad\u00edme z\u00e1mer s dotknut\u00fdmi org\u00e1nmi a zabezpe\u010d\u00edme v\u0161etky z\u00e1konom po\u017eadovan\u00e9 n\u00e1le\u017eitosti s\u00favisiace s v\u00fdstavbou<\/p>\t\t\t\t\t\t\t\t<\/div>\n\t\t\t\t<\/div>\n\t\t<div class=\"elementor-element elementor-element-f481cce e-con-full e-flex e-con e-child\" data-id=\"f481cce\" data-element_type=\"container\">\n\t\t\t\t<div class=\"elementor-element elementor-element-800b9d2 elementor-widget elementor-widget-heading\" data-id=\"800b9d2\" data-element_type=\"widget\" data-widget_type=\"heading.default\">\n\t\t\t\t\t<h2 class=\"elementor-heading-title elementor-size-default\">Kompletn\u00e9 vypracovanie podkladov a spracovanie podan\u00ed \n<\/h2>\t\t\t\t<\/div>\n\t\t\t\t<div class=\"elementor-element elementor-element-fdbbcf1 elementor-widget elementor-widget-text-editor\" data-id=\"fdbbcf1\" data-element_type=\"widget\" data-widget_type=\"text-editor.default\">\n\t\t\t\t\t\t\t\t\t<p>Zabezpe\u010d\u00edme pre v\u00e1s kompletn\u00fa dokument\u00e1ciu potrebn\u00fa pre dan\u00fd proces, vr\u00e1tane podania \u017eiadost\u00ed, v\u0161etk\u00fdch potrebn\u00fdch vyjadren\u00ed a prerokovan\u00ed s\u00favisiacich s podaniami.<\/p>\t\t\t\t\t\t\t\t<\/div>\n\t\t\t\t<\/div>\n\t\t<div class=\"elementor-element elementor-element-e862414 e-con-full e-flex e-con e-child\" data-id=\"e862414\" data-element_type=\"container\">\n\t\t\t\t<div class=\"elementor-element elementor-element-0323e98 elementor-widget elementor-widget-heading\" data-id=\"0323e98\" data-element_type=\"widget\" data-widget_type=\"heading.default\">\n\t\t\t\t\t<h2 class=\"elementor-heading-title elementor-size-default\">Kompletn\u00e9 zastupovanie v konaniach a na \u00faradoch\n<\/h2>\t\t\t\t<\/div>\n\t\t\t\t<div class=\"elementor-element elementor-element-5421757 elementor-widget elementor-widget-text-editor\" data-id=\"5421757\" data-element_type=\"widget\" data-widget_type=\"text-editor.default\">\n\t\t\t\t\t\t\t\t\t<p data-start=\"222\" data-end=\"356\">Prevezmeme za v\u00e1s v\u0161etku komunik\u00e1ciu s \u00faradmi, zastupovanie v konaniach a koordin\u00e1ciu so v\u0161etk\u00fdmi dotknut\u00fdmi org\u00e1nmi po\u010das cel\u00e9ho procesu\u200b<\/p>\t\t\t\t\t\t\t\t<\/div>\n\t\t\t\t<\/div>\n\t\t<div class=\"elementor-element elementor-element-65bbb60 e-con-full e-flex e-con e-child\" data-id=\"65bbb60\" data-element_type=\"container\">\n\t\t<div class=\"elementor-element elementor-element-d6a4c70 e-con-full e-flex e-con e-child\" data-id=\"d6a4c70\" data-element_type=\"container\">\n\t\t\t\t<div class=\"elementor-element elementor-element-2933b53 elementor-widget elementor-widget-heading\" data-id=\"2933b53\" data-element_type=\"widget\" data-widget_type=\"heading.default\">\n\t\t\t\t\t<h2 class=\"elementor-heading-title elementor-size-default\">Komplexn\u00e9 poradensk\u00e9 slu\u017eby\u200b<\/h2>\t\t\t\t<\/div>\n\t\t\t\t<div class=\"elementor-element elementor-element-62d7c53 elementor-widget elementor-widget-text-editor\" data-id=\"62d7c53\" data-element_type=\"widget\" data-widget_type=\"text-editor.default\">\n\t\t\t\t\t\t\t\t\t<p>Poskytujeme poradenstvo aj v ostatn\u00fdch oblastiach \u2013 geodetick\u00e9ho zameranie, energetika, stavebn\u00fd dozor a i. \u0161pecializovan\u00e9 slu\u017eby<\/p>\t\t\t\t\t\t\t\t<\/div>\n\t\t\t\t<\/div>\n\t\t\t\t<\/div>\n\t\t\t\t<\/div>\n\t\t\t\t<\/div>\n\t\t\t\t<\/div>\n\t\t<div class=\"elementor-element elementor-element-13ae2ab7 e-con-full e-flex e-con e-parent\" data-id=\"13ae2ab7\" data-element_type=\"container\">\n\t\t\t\t<div class=\"elementor-element elementor-element-7bfdf851 elementor-hidden-desktop elementor-hidden-tablet elementor-hidden-mobile elementor-widget elementor-widget-heading\" data-id=\"7bfdf851\" data-element_type=\"widget\" data-widget_type=\"heading.default\">\n\t\t\t\t\t<span class=\"elementor-heading-title elementor-size-default\">participants\u2019 work\n<\/span>\t\t\t\t<\/div>\n\t\t\t\t<div class=\"elementor-element elementor-element-a2c177d elementor-hidden-desktop elementor-hidden-tablet elementor-hidden-mobile elementor-widget elementor-widget-image-carousel\" data-id=\"a2c177d\" data-element_type=\"widget\" data-settings=\"{&quot;slides_to_show&quot;:&quot;4&quot;,&quot;slides_to_scroll&quot;:&quot;1&quot;,&quot;navigation&quot;:&quot;none&quot;,&quot;pause_on_hover&quot;:&quot;no&quot;,&quot;pause_on_interaction&quot;:&quot;no&quot;,&quot;slides_to_show_mobile&quot;:&quot;3&quot;,&quot;autoplay&quot;:&quot;yes&quot;,&quot;autoplay_speed&quot;:5000,&quot;infinite&quot;:&quot;yes&quot;,&quot;speed&quot;:500,&quot;image_spacing_custom&quot;:{&quot;unit&quot;:&quot;px&quot;,&quot;size&quot;:20,&quot;sizes&quot;:[]},&quot;image_spacing_custom_tablet&quot;:{&quot;unit&quot;:&quot;px&quot;,&quot;size&quot;:&quot;&quot;,&quot;sizes&quot;:[]},&quot;image_spacing_custom_mobile&quot;:{&quot;unit&quot;:&quot;px&quot;,&quot;size&quot;:&quot;&quot;,&quot;sizes&quot;:[]}}\" data-widget_type=\"image-carousel.default\">\n\t\t\t\t\t\t\t<div class=\"elementor-image-carousel-wrapper swiper\" role=\"region\" aria-roledescription=\"carousel\" aria-label=\"Obr\u00e1zkov\u00fd kot\u00fa\u010d\" dir=\"ltr\">\n\t\t\t<div class=\"elementor-image-carousel swiper-wrapper\" aria-live=\"off\">\n\t\t\t\t\t\t\t\t<div class=\"swiper-slide\" role=\"group\" aria-roledescription=\"slide\" aria-label=\"1 of 3\"><figure class=\"swiper-slide-inner\"><img decoding=\"async\" class=\"swiper-slide-image\" src=\"https:\/\/ingine.sk\/wp-content\/uploads\/2025\/09\/high-view-toy-model-house-made-out-wood-scaled.jpg\" alt=\"high-view-toy-model-house-made-out-wood\" \/><\/figure><\/div><div class=\"swiper-slide\" role=\"group\" aria-roledescription=\"slide\" aria-label=\"2 of 3\"><figure class=\"swiper-slide-inner\"><img decoding=\"async\" class=\"swiper-slide-image\" src=\"https:\/\/ingine.sk\/wp-content\/uploads\/2025\/09\/close-up-people-holding-building-sketch-scaled.jpg\" alt=\"close-up-people-holding-building-sketch\" \/><\/figure><\/div><div class=\"swiper-slide\" role=\"group\" aria-roledescription=\"slide\" aria-label=\"3 of 3\"><figure class=\"swiper-slide-inner\"><img decoding=\"async\" class=\"swiper-slide-image\" src=\"https:\/\/ingine.sk\/wp-content\/uploads\/2025\/10\/pexels-a-darmel-7641859-scaled.jpg\" alt=\"pexels-a-darmel-7641859\" \/><\/figure><\/div>\t\t\t<\/div>\n\t\t\t\t\t\t\t\n\t\t\t\t\t\t\t\t\t<\/div>\n\t\t\t\t\t\t<\/div>\n\t\t\t\t<\/div>\n\t\t<div class=\"elementor-element elementor-element-40ee7f4f e-con-full e-flex e-con e-parent\" data-id=\"40ee7f4f\" data-element_type=\"container\" data-settings=\"{&quot;background_background&quot;:&quot;classic&quot;}\">\n\t\t<div class=\"elementor-element elementor-element-1d6833f3 e-con-full e-flex e-con e-child\" data-id=\"1d6833f3\" data-element_type=\"container\">\n\t\t\t\t<div class=\"elementor-element elementor-element-43c8c9c7 elementor-widget elementor-widget-heading\" data-id=\"43c8c9c7\" data-element_type=\"widget\" data-widget_type=\"heading.default\">\n\t\t\t\t\t<h2 class=\"elementor-heading-title elementor-size-default\">P\u00fdtajte sa <br>va\u0161e ot\u00e1zky m\u00f4\u017eu pom\u00f4c\u0165 aj in\u00fdm<\/h2>\t\t\t\t<\/div>\n\t\t<div class=\"elementor-element elementor-element-5c93612e e-con-full e-flex e-con e-child\" data-id=\"5c93612e\" data-element_type=\"container\">\n\t\t\t\t<div class=\"elementor-element elementor-element-629b292e elementor-widget elementor-widget-text-editor\" data-id=\"629b292e\" data-element_type=\"widget\" data-widget_type=\"text-editor.default\">\n\t\t\t\t\t\t\t\t\t<p>Va\u0161a ot\u00e1zka m\u00f4\u017ee pom\u00f4c\u0165 aj ostatn\u00fdm. Zdie\u013eajte svoje sk\u00fasenosti alebo pochybnosti a my v\u00e1m radi porad\u00edme a zverejn\u00edme v\u00e1\u0161 postreh<\/p>\t\t\t\t\t\t\t\t<\/div>\n\t\t\t\t<div class=\"elementor-element elementor-element-49417744 elementor-invisible elementor-widget elementor-widget-button\" data-id=\"49417744\" data-element_type=\"widget\" data-settings=\"{&quot;_animation&quot;:&quot;fadeInDown&quot;}\" data-widget_type=\"button.default\">\n\t\t\t\t\t\t\t\t\t\t<a class=\"elementor-button elementor-button-link elementor-size-sm elementor-animation-sink\" href=\"https:\/\/ingine.sk\/?page_id=519#napis\">\n\t\t\t\t\t\t<span class=\"elementor-button-content-wrapper\">\n\t\t\t\t\t\t\t\t\t<span class=\"elementor-button-text\">nap\u00ed\u0161te n\u00e1m <\/span>\n\t\t\t\t\t<\/span>\n\t\t\t\t\t<\/a>\n\t\t\t\t\t\t\t\t<\/div>\n\t\t\t\t<\/div>\n\t\t\t\t<\/div>\n\t\t\t\t<div class=\"elementor-element elementor-element-3dfa292a elementor-invisible elementor-widget elementor-widget-heading\" data-id=\"3dfa292a\" data-element_type=\"widget\" data-settings=\"{&quot;_animation&quot;:&quot;fadeInUp&quot;}\" data-widget_type=\"heading.default\">\n\t\t\t\t\t<span class=\"elementor-heading-title elementor-size-default\">Va\u0161e ot\u00e1zky<\/span>\t\t\t\t<\/div>\n\t\t\t\t<\/div>\n\t\t\t\t<\/div>\n\t\t","protected":false},"excerpt":{"rendered":"<p>PORADENSTVO A IN\u017dINIERSKA \u010cINNOS\u0164 Na\u0161u pr\u00e1cu rob\u00edme srdcom. Zodpovedne a spo\u013eahlivo. Ver\u00edme, \u017ee cesta k v\u00e1\u0161mu vysn\u00edvan\u00e9mu domu alebo in\u00e9mu objektu, nem\u00e1 by\u0165 pln\u00e1 papierov, ale sk\u00fasenost\u00ed, ktor\u00e9 v\u00e1m \u0161etria \u010das. Na\u0161im cie\u013eom je dosta\u0165 v\u00e1s k vysn\u00edvan\u00e9mu b\u00fdvaniu \u010do najr\u00fdchlej\u0161ie a bez stresu. POZRITE VIAC ingINE Sme t\u00edm \u013eud\u00ed, ktor\u00ed v\u00e1m \u0161etria v\u00e1\u0161 \u010das [&hellip;]<\/p>\n","protected":false},"author":1,"featured_media":997,"parent":0,"menu_order":0,"comment_status":"closed","ping_status":"closed","template":"elementor_header_footer","meta":{"footnotes":""},"class_list":["post-555","page","type-page","status-publish","has-post-thumbnail","hentry"],"_links":{"self":[{"href":"https:\/\/ingine.sk\/index.php?rest_route=\/wp\/v2\/pages\/555","targetHints":{"allow":["GET"]}}],"collection":[{"href":"https:\/\/ingine.sk\/index.php?rest_route=\/wp\/v2\/pages"}],"about":[{"href":"https:\/\/ingine.sk\/index.php?rest_route=\/wp\/v2\/types\/page"}],"author":[{"embeddable":true,"href":"https:\/\/ingine.sk\/index.php?rest_route=\/wp\/v2\/users\/1"}],"replies":[{"embeddable":true,"href":"https:\/\/ingine.sk\/index.php?rest_route=%2Fwp%2Fv2%2Fcomments&post=555"}],"version-history":[{"count":101,"href":"https:\/\/ingine.sk\/index.php?rest_route=\/wp\/v2\/pages\/555\/revisions"}],"predecessor-version":[{"id":1276,"href":"https:\/\/ingine.sk\/index.php?rest_route=\/wp\/v2\/pages\/555\/revisions\/1276"}],"wp:featuredmedia":[{"embeddable":true,"href":"https:\/\/ingine.sk\/index.php?rest_route=\/wp\/v2\/media\/997"}],"wp:attachment":[{"href":"https:\/\/ingine.sk\/index.php?rest_route=%2Fwp%2Fv2%2Fmedia&parent=555"}],"curies":[{"name":"wp","href":"https:\/\/api.w.org\/{rel}","templated":true}]}}