{"id":607,"date":"2025-09-22T18:38:41","date_gmt":"2025-09-22T16:38:41","guid":{"rendered":"https:\/\/ingine.sk\/?page_id=607"},"modified":"2025-11-11T12:06:04","modified_gmt":"2025-11-11T11:06:04","slug":"mam-postavene","status":"publish","type":"page","link":"https:\/\/ingine.sk\/?page_id=607","title":{"rendered":"mam postavene"},"content":{"rendered":"\t\t<div data-elementor-type=\"wp-page\" data-elementor-id=\"607\" class=\"elementor elementor-607\">\n\t\t\t\t<div class=\"elementor-element elementor-element-102f4c79 e-con-full e-flex e-con e-parent\" data-id=\"102f4c79\" data-element_type=\"container\">\n\t\t<div class=\"elementor-element elementor-element-6f4872cb e-con-full e-flex e-con e-child\" data-id=\"6f4872cb\" data-element_type=\"container\">\n\t\t<div class=\"elementor-element elementor-element-48eafe6 e-con-full e-flex e-con e-child\" data-id=\"48eafe6\" data-element_type=\"container\">\n\t\t\t\t<div class=\"elementor-element elementor-element-4775c58e elementor-widget elementor-widget-heading\" data-id=\"4775c58e\" data-element_type=\"widget\" data-widget_type=\"heading.default\">\n\t\t\t\t\t<h1 class=\"elementor-heading-title elementor-size-default\"><span style=\"font-family: Inter, sans-serif;font-size: 46px;letter-spacing: -0.5px\">M\u00e1te postaven\u00e9<\/span><span style=\"color: inherit;font-family: inherit;font-size: 2.5rem\"><\/span><br><\/h1>\t\t\t\t<\/div>\n\t\t\t\t<div class=\"elementor-element elementor-element-047c3ad elementor-widget elementor-widget-heading\" data-id=\"047c3ad\" data-element_type=\"widget\" data-widget_type=\"heading.default\">\n\t\t\t\t\t<span class=\"elementor-heading-title elementor-size-default\"><font color=\"#cab8a2\">stavba je hotov\u00e1, \u010dak\u00e1 na kolaud\u00e1ciu <\/font><\/span>\t\t\t\t<\/div>\n\t\t\t\t<div class=\"elementor-element elementor-element-7ede83c elementor-widget__width-initial elementor-widget elementor-widget-text-editor\" data-id=\"7ede83c\" data-element_type=\"widget\" data-widget_type=\"text-editor.default\">\n\t\t\t\t\t\t\t\t\t<p>Stavba je dokon\u010den\u00e1, ale \u010dak\u00e1 na pr\u00e1vne skolaudovanie? Pom\u00f4\u017eeme v\u00e1m preveri\u0165 v\u0161etky potrebn\u00e9 dokumenty a postupy, aby bola stavba v s\u00falade s aktu\u00e1lnymi predpismi. Porad\u00edme pri vybaven\u00ed kolaud\u00e1cie, \u010di ide o novostavbu alebo star\u0161iu stavbu, a zabezpe\u010d\u00edme, aby cel\u00fd proces prebehol hladko a bez zbyto\u010dn\u00fdch komplik\u00e1ci\u00ed\u00a0<\/p>\t\t\t\t\t\t\t\t<\/div>\n\t\t\t\t<div class=\"elementor-element elementor-element-acc557a elementor-widget-mobile__width-inherit elementor-hidden-desktop elementor-hidden-tablet elementor-hidden-mobile elementor-invisible elementor-widget elementor-widget-button\" data-id=\"acc557a\" data-element_type=\"widget\" data-settings=\"{&quot;_animation&quot;:&quot;fadeInDown&quot;}\" data-widget_type=\"button.default\">\n\t\t\t\t\t\t\t\t\t\t<a class=\"elementor-button elementor-button-link elementor-size-sm elementor-animation-sink\" href=\"https:\/\/library.elementor.com\/ceramic-workshops-flexbox\/contact-us\/\" target=\"_blank\" rel=\"noopener\">\n\t\t\t\t\t\t<span class=\"elementor-button-content-wrapper\">\n\t\t\t\t\t\t\t\t\t<span class=\"elementor-button-text\">Register<\/span>\n\t\t\t\t\t<\/span>\n\t\t\t\t\t<\/a>\n\t\t\t\t\t\t\t\t<\/div>\n\t\t\t\t<\/div>\n\t\t\t\t<div class=\"elementor-element elementor-element-59ec5fec elementor-icon-list--layout-inline elementor-hidden-desktop elementor-hidden-tablet elementor-hidden-mobile elementor-list-item-link-full_width elementor-invisible elementor-widget elementor-widget-icon-list\" data-id=\"59ec5fec\" data-element_type=\"widget\" data-settings=\"{&quot;_animation&quot;:&quot;fadeInUp&quot;}\" data-widget_type=\"icon-list.default\">\n\t\t\t\t\t\t\t<ul class=\"elementor-icon-list-items elementor-inline-items\">\n\t\t\t\t\t\t\t<li class=\"elementor-icon-list-item elementor-inline-item\">\n\t\t\t\t\t\t\t\t\t\t<span class=\"elementor-icon-list-text\">1<\/span>\n\t\t\t\t\t\t\t\t\t<\/li>\n\t\t\t\t\t\t\t\t<li class=\"elementor-icon-list-item elementor-inline-item\">\n\t\t\t\t\t\t\t\t\t\t<span class=\"elementor-icon-list-text\">1<\/span>\n\t\t\t\t\t\t\t\t\t<\/li>\n\t\t\t\t\t\t\t\t<li class=\"elementor-icon-list-item elementor-inline-item\">\n\t\t\t\t\t\t\t\t\t\t<span class=\"elementor-icon-list-text\">1<\/span>\n\t\t\t\t\t\t\t\t\t<\/li>\n\t\t\t\t\t\t<\/ul>\n\t\t\t\t\t\t<\/div>\n\t\t\t\t<\/div>\n\t\t<div class=\"elementor-element elementor-element-5464f27d e-con-full e-flex e-con e-child\" data-id=\"5464f27d\" data-element_type=\"container\" data-settings=\"{&quot;background_background&quot;:&quot;classic&quot;}\">\n\t\t\t\t<\/div>\n\t\t\t\t<\/div>\n\t\t<div class=\"elementor-element elementor-element-6cab5905 e-con-full e-flex e-con e-parent\" data-id=\"6cab5905\" data-element_type=\"container\">\n\t\t\t\t<div class=\"elementor-element elementor-element-5b0c4a78 elementor-widget elementor-widget-heading\" data-id=\"5b0c4a78\" data-element_type=\"widget\" data-widget_type=\"heading.default\">\n\t\t\t\t\t<span class=\"elementor-heading-title elementor-size-default\">po\u010fme kolaudova\u0165<\/span>\t\t\t\t<\/div>\n\t\t\t\t<\/div>\n\t\t<div class=\"elementor-element elementor-element-162a32d1 e-flex e-con-boxed e-con e-parent\" data-id=\"162a32d1\" data-element_type=\"container\">\n\t\t\t\t\t<div class=\"e-con-inner\">\n\t\t<div class=\"elementor-element elementor-element-6cb1ad25 e-con-full e-flex e-con e-child\" data-id=\"6cb1ad25\" data-element_type=\"container\">\n\t\t\t\t<div class=\"elementor-element elementor-element-efb2a35 elementor-widget elementor-widget-heading\" data-id=\"efb2a35\" data-element_type=\"widget\" data-widget_type=\"heading.default\">\n\t\t\t\t\t<h2 class=\"elementor-heading-title elementor-size-default\">U\u013eah\u010d\u00edme v\u00e1m posledn\u00fd krok <\/h2>\t\t\t\t<\/div>\n\t\t\t\t<div class=\"elementor-element elementor-element-1bbf40fc elementor-widget elementor-widget-text-editor\" data-id=\"1bbf40fc\" data-element_type=\"widget\" data-widget_type=\"text-editor.default\">\n\t\t\t\t\t\t\t\t\t<p>Pokr\u00fdvame cel\u00fd proces. Aj v tejto sekcii v\u00e1m pon\u00fakame slu\u017eby &#8211; od overenia projektovej dokument\u00e1cie a\u017e po z\u00edskanie povolen\u00ed na stavbu. Zabezpe\u010d\u00edme komunik\u00e1ciu s \u00faradmi, spr\u00e1vcami siet\u00ed aj odborn\u00e9 podklady pod\u013ea aktu\u00e1lne platnej legislat\u00edvy. \u010ci u\u017e m\u00e1te projekt alebo e\u0161te nem\u00e1te porad\u00edme v\u00e1m a pom\u00f4\u017eemem sa posun\u00fa\u0165 \u010falej.<\/p>\t\t\t\t\t\t\t\t<\/div>\n\t\t\t\t<\/div>\n\t\t<div class=\"elementor-element elementor-element-319440fb e-con-full e-flex e-con e-child\" data-id=\"319440fb\" data-element_type=\"container\">\n\t\t\t\t<div class=\"elementor-element elementor-element-6f545b8a elementor-widget elementor-widget-heading\" data-id=\"6f545b8a\" data-element_type=\"widget\" data-widget_type=\"heading.default\">\n\t\t\t\t\t<h3 class=\"elementor-heading-title elementor-size-default\">Dokon\u010den\u00e1 novostavba<\/h3>\t\t\t\t<\/div>\n\t\t\t\t<div class=\"elementor-element elementor-element-efb2910 elementor-widget elementor-widget-heading\" data-id=\"efb2910\" data-element_type=\"widget\" data-widget_type=\"heading.default\">\n\t\t\t\t\t<h3 class=\"elementor-heading-title elementor-size-default\">Zabezpe\u010d\u00edme:<\/h3>\t\t\t\t<\/div>\n\t\t\t\t<div class=\"elementor-element elementor-element-72d7970 elementor-icon-list--layout-traditional elementor-list-item-link-full_width elementor-widget elementor-widget-icon-list\" data-id=\"72d7970\" data-element_type=\"widget\" data-widget_type=\"icon-list.default\">\n\t\t\t\t\t\t\t<ul class=\"elementor-icon-list-items\">\n\t\t\t\t\t\t\t<li class=\"elementor-icon-list-item\">\n\t\t\t\t\t\t\t\t\t\t\t<span class=\"elementor-icon-list-icon\">\n\t\t\t\t\t\t\t<svg aria-hidden=\"true\" class=\"e-font-icon-svg e-fas-circle\" viewBox=\"0 0 512 512\" xmlns=\"http:\/\/www.w3.org\/2000\/svg\"><path d=\"M256 8C119 8 8 119 8 256s111 248 248 248 248-111 248-248S393 8 256 8z\"><\/path><\/svg>\t\t\t\t\t\t<\/span>\n\t\t\t\t\t\t\t\t\t\t<span class=\"elementor-icon-list-text\">kolaud\u00e1cia staby <\/span>\n\t\t\t\t\t\t\t\t\t<\/li>\n\t\t\t\t\t\t\t\t<li class=\"elementor-icon-list-item\">\n\t\t\t\t\t\t\t\t\t\t\t<span class=\"elementor-icon-list-icon\">\n\t\t\t\t\t\t\t<svg aria-hidden=\"true\" class=\"e-font-icon-svg e-fas-circle\" viewBox=\"0 0 512 512\" xmlns=\"http:\/\/www.w3.org\/2000\/svg\"><path d=\"M256 8C119 8 8 119 8 256s111 248 248 248 248-111 248-248S393 8 256 8z\"><\/path><\/svg>\t\t\t\t\t\t<\/span>\n\t\t\t\t\t\t\t\t\t\t<span class=\"elementor-icon-list-text\">zabezpe\u010denie v\u0161etk\u00fdch potrebn\u00fdch podkladov <\/span>\n\t\t\t\t\t\t\t\t\t<\/li>\n\t\t\t\t\t\t<\/ul>\n\t\t\t\t\t\t<\/div>\n\t\t\t\t<\/div>\n\t\t<div class=\"elementor-element elementor-element-25109487 e-con-full e-flex e-con e-child\" data-id=\"25109487\" data-element_type=\"container\">\n\t\t\t\t<div class=\"elementor-element elementor-element-5a5a3f28 elementor-widget elementor-widget-heading\" data-id=\"5a5a3f28\" data-element_type=\"widget\" data-widget_type=\"heading.default\">\n\t\t\t\t\t<h3 class=\"elementor-heading-title elementor-size-default\">Star\u00e1 stavba  <\/h3>\t\t\t\t<\/div>\n\t\t\t\t<div class=\"elementor-element elementor-element-e85a09d elementor-widget elementor-widget-heading\" data-id=\"e85a09d\" data-element_type=\"widget\" data-widget_type=\"heading.default\">\n\t\t\t\t\t<h3 class=\"elementor-heading-title elementor-size-default\">Prever\u00edme a zabezpe\u010d\u00edme:<\/h3>\t\t\t\t<\/div>\n\t\t\t\t<div class=\"elementor-element elementor-element-297f26f1 elementor-icon-list--layout-traditional elementor-list-item-link-full_width elementor-widget elementor-widget-icon-list\" data-id=\"297f26f1\" data-element_type=\"widget\" data-widget_type=\"icon-list.default\">\n\t\t\t\t\t\t\t<ul class=\"elementor-icon-list-items\">\n\t\t\t\t\t\t\t<li class=\"elementor-icon-list-item\">\n\t\t\t\t\t\t\t\t\t\t\t<span class=\"elementor-icon-list-icon\">\n\t\t\t\t\t\t\t<svg aria-hidden=\"true\" class=\"e-font-icon-svg e-fas-circle\" viewBox=\"0 0 512 512\" xmlns=\"http:\/\/www.w3.org\/2000\/svg\"><path d=\"M256 8C119 8 8 119 8 256s111 248 248 248 248-111 248-248S393 8 256 8z\"><\/path><\/svg>\t\t\t\t\t\t<\/span>\n\t\t\t\t\t\t\t\t\t\t<span class=\"elementor-icon-list-text\">ak\u00e9 m\u00e1te mo\u017enost\u00ed<\/span>\n\t\t\t\t\t\t\t\t\t<\/li>\n\t\t\t\t\t\t\t\t<li class=\"elementor-icon-list-item\">\n\t\t\t\t\t\t\t\t\t\t\t<span class=\"elementor-icon-list-icon\">\n\t\t\t\t\t\t\t<svg aria-hidden=\"true\" class=\"e-font-icon-svg e-fas-circle\" viewBox=\"0 0 512 512\" xmlns=\"http:\/\/www.w3.org\/2000\/svg\"><path d=\"M256 8C119 8 8 119 8 256s111 248 248 248 248-111 248-248S393 8 256 8z\"><\/path><\/svg>\t\t\t\t\t\t<\/span>\n\t\t\t\t\t\t\t\t\t\t<span class=\"elementor-icon-list-text\">v pr\u00edpade, \u017ee je to mo\u017en\u00e9 - dodato\u010dn\u00e9 zlegalizovanie stavby<\/span>\n\t\t\t\t\t\t\t\t\t<\/li>\n\t\t\t\t\t\t\t\t<li class=\"elementor-icon-list-item\">\n\t\t\t\t\t\t\t\t\t\t\t<span class=\"elementor-icon-list-icon\">\n\t\t\t\t\t\t\t<svg aria-hidden=\"true\" class=\"e-font-icon-svg e-fas-circle\" viewBox=\"0 0 512 512\" xmlns=\"http:\/\/www.w3.org\/2000\/svg\"><path d=\"M256 8C119 8 8 119 8 256s111 248 248 248 248-111 248-248S393 8 256 8z\"><\/path><\/svg>\t\t\t\t\t\t<\/span>\n\t\t\t\t\t\t\t\t\t\t<span class=\"elementor-icon-list-text\">zastupovanie <\/span>\n\t\t\t\t\t\t\t\t\t<\/li>\n\t\t\t\t\t\t\t\t<li class=\"elementor-icon-list-item\">\n\t\t\t\t\t\t\t\t\t\t\t<span class=\"elementor-icon-list-icon\">\n\t\t\t\t\t\t\t<svg aria-hidden=\"true\" class=\"e-font-icon-svg e-fas-circle\" viewBox=\"0 0 512 512\" xmlns=\"http:\/\/www.w3.org\/2000\/svg\"><path d=\"M256 8C119 8 8 119 8 256s111 248 248 248 248-111 248-248S393 8 256 8z\"><\/path><\/svg>\t\t\t\t\t\t<\/span>\n\t\t\t\t\t\t\t\t\t\t<span class=\"elementor-icon-list-text\">zastupovanie <\/span>\n\t\t\t\t\t\t\t\t\t<\/li>\n\t\t\t\t\t\t\t\t<li class=\"elementor-icon-list-item\">\n\t\t\t\t\t\t\t\t\t\t\t<a href=\"http:\/\/zabezpe\u010denie%20potrebnej%20dokument\u00e1cie%20\">\n\n\t\t\t\t\t\t\t\t\t\t\t\t<span class=\"elementor-icon-list-icon\">\n\t\t\t\t\t\t\t<svg aria-hidden=\"true\" class=\"e-font-icon-svg e-fas-circle\" viewBox=\"0 0 512 512\" xmlns=\"http:\/\/www.w3.org\/2000\/svg\"><path d=\"M256 8C119 8 8 119 8 256s111 248 248 248 248-111 248-248S393 8 256 8z\"><\/path><\/svg>\t\t\t\t\t\t<\/span>\n\t\t\t\t\t\t\t\t\t\t<span class=\"elementor-icon-list-text\">zabezpe\u010denie potrebnej dokument\u00e1cie <\/span>\n\t\t\t\t\t\t\t\t\t\t\t<\/a>\n\t\t\t\t\t\t\t\t\t<\/li>\n\t\t\t\t\t\t<\/ul>\n\t\t\t\t\t\t<\/div>\n\t\t\t\t<\/div>\n\t\t\t\t\t<\/div>\n\t\t\t\t<\/div>\n\t\t<div class=\"elementor-element elementor-element-4d679a93 e-con-full e-flex e-con e-parent\" data-id=\"4d679a93\" data-element_type=\"container\">\n\t\t<div class=\"elementor-element elementor-element-6174be2b e-flex e-con-boxed e-con e-child\" data-id=\"6174be2b\" data-element_type=\"container\">\n\t\t\t\t\t<div class=\"e-con-inner\">\n\t\t\t\t<div class=\"elementor-element elementor-element-2bcd4f7 elementor-widget elementor-widget-heading\" data-id=\"2bcd4f7\" data-element_type=\"widget\" data-widget_type=\"heading.default\">\n\t\t\t\t\t<h2 class=\"elementor-heading-title elementor-size-default\"><h2 data-elementor-setting-key=\"title\" data-pen-placeholder=\"P\u00ed\u0161te tu...\" style=\"font-size: 46px\">Ot\u00e1zky na\u0161ich klientov<span style=\"font-size: 28px\"><\/span><\/h2><\/h2>\t\t\t\t<\/div>\n\t\t\t\t<div class=\"elementor-element elementor-element-8b54656 elementor-align-center elementor-widget__width-initial elementor-widget elementor-widget-button\" data-id=\"8b54656\" data-element_type=\"widget\" data-widget_type=\"button.default\">\n\t\t\t\t\t\t\t\t\t\t<a class=\"elementor-button elementor-button-link elementor-size-sm\" href=\"https:\/\/ingine.sk\/?page_id=519#napis\">\n\t\t\t\t\t\t<span class=\"elementor-button-content-wrapper\">\n\t\t\t\t\t\t\t\t\t<span class=\"elementor-button-text\">op\u00fdtajte sa<\/span>\n\t\t\t\t\t<\/span>\n\t\t\t\t\t<\/a>\n\t\t\t\t\t\t\t\t<\/div>\n\t\t\t\t<div class=\"elementor-element elementor-element-6505a2b9 elementor-widget-mobile__width-inherit elementor-widget elementor-widget-text-editor\" data-id=\"6505a2b9\" data-element_type=\"widget\" data-widget_type=\"text-editor.default\">\n\t\t\t\t\t\t\t\t\t<p>K\u013eudne n\u00e1m nap\u00ed\u0161te a aj va\u0161a ot\u00e1zka m\u00f4\u017ee pom\u00f4c\u0165 ostatn\u00fdm&nbsp;<\/p>\t\t\t\t\t\t\t\t<\/div>\n\t\t\t\t\t<\/div>\n\t\t\t\t<\/div>\n\t\t<div class=\"elementor-element elementor-element-5fa2802c e-con-full e-flex e-con e-child\" data-id=\"5fa2802c\" data-element_type=\"container\">\n\t\t\t\t<div class=\"elementor-element elementor-element-2d1bbb6b elementor-widget__width-inherit elementor-widget elementor-widget-toggle\" data-id=\"2d1bbb6b\" data-element_type=\"widget\" data-widget_type=\"toggle.default\">\n\t\t\t\t\t\t\t<div class=\"elementor-toggle\">\n\t\t\t\t\t\t\t<div class=\"elementor-toggle-item\">\n\t\t\t\t\t<h6 id=\"elementor-tab-title-7561\" class=\"elementor-tab-title\" data-tab=\"1\" role=\"button\" aria-controls=\"elementor-tab-content-7561\" aria-expanded=\"false\">\n\t\t\t\t\t\t\t\t\t\t\t\t<a class=\"elementor-toggle-title\" tabindex=\"0\">M\u00f4\u017eem dodato\u010dne zlegalizova\u0165 nepovolen\u00fa stavbu pod\u013ea nov\u00e9ho z\u00e1kona \u010d. 25\/2025 z.z?<\/a>\n\t\t\t\t\t<\/h6>\n\n\t\t\t\t\t<div id=\"elementor-tab-content-7561\" class=\"elementor-tab-content elementor-clearfix\" data-tab=\"1\" role=\"region\" aria-labelledby=\"elementor-tab-title-7561\"><p data-start=\"199\" data-end=\"492\">\u00c1no, ale len do\u010dasne a za presne stanoven\u00fdch podmienok. Pod\u013ea <strong data-start=\"276\" data-end=\"337\">prechodn\u00fdch ustanoven\u00ed z\u00e1kona \u010d. 25\/2025 Z. z. o v\u00fdstavbe<\/strong> mo\u017eno <strong data-start=\"344\" data-end=\"398\">dodato\u010dne povoli\u0165 (zlegalizova\u0165) nepovolen\u00fa stavbu<\/strong> e\u0161te pod\u013ea doteraj\u0161\u00edch predpisov, ak vlastn\u00edk pod\u00e1 \u017eiados\u0165 <strong data-start=\"458\" data-end=\"489\">najnesk\u00f4r do 31. marca 2029<\/strong>.<\/p><p data-start=\"494\" data-end=\"665\">Po tomto term\u00edne u\u017e nebude mo\u017en\u00e9 postupova\u0165 pod\u013ea star\u00e9ho z\u00e1kona a tak\u00e9to stavby sa bud\u00fa posudzova\u0165 v\u00fdlu\u010dne pod\u013ea nov\u00e9ho stavebn\u00e9ho z\u00e1kona, ktor\u00fd m\u00e1 pr\u00edsnej\u0161ie pravidl\u00e1.<\/p><\/div>\n\t\t\t\t<\/div>\n\t\t\t\t\t\t\t<div class=\"elementor-toggle-item\">\n\t\t\t\t\t<h6 id=\"elementor-tab-title-7562\" class=\"elementor-tab-title\" data-tab=\"2\" role=\"button\" aria-controls=\"elementor-tab-content-7562\" aria-expanded=\"false\">\n\t\t\t\t\t\t\t\t\t\t\t\t<a class=\"elementor-toggle-title\" tabindex=\"0\">Kedy potrebujem kolaud\u00e1ciu stavby?<\/a>\n\t\t\t\t\t<\/h6>\n\n\t\t\t\t\t<div id=\"elementor-tab-content-7562\" class=\"elementor-tab-content elementor-clearfix\" data-tab=\"2\" role=\"region\" aria-labelledby=\"elementor-tab-title-7562\"><p data-start=\"102\" data-end=\"403\"><strong data-start=\"102\" data-end=\"155\">Kolaud\u00e1cia je posledn\u00fd krok pred u\u017e\u00edvan\u00edm stavby.<\/strong> Potrebujete ju v\u017edy, ke\u010f ide o novostavbu, pr\u00edstavbu alebo v\u00e4\u010d\u0161iu rekon\u0161trukciu, pri ktorej bolo vydan\u00e9 stavebn\u00e9 povolenie alebo rozhodnutie o stavebnom z\u00e1mere. Bez kolaud\u00e1cie nie je mo\u017en\u00e9 stavbu leg\u00e1lne u\u017e\u00edva\u0165 ani pripoji\u0165 na in\u017einierske siete.<\/p><p data-start=\"405\" data-end=\"732\"><strong data-start=\"405\" data-end=\"461\">V\u00fdnimka pod\u013ea \u00a7\u202f60 p\u00edsm. k) z\u00e1kona \u010d.\u202f25\/2025 Z. z.:<\/strong><br data-start=\"461\" data-end=\"464\" \/>Stavebn\u00fd \u00farad m\u00f4\u017ee od kolaud\u00e1cie upusti\u0165, ak ide o stavbu, stavebn\u00e9 \u00fapravy alebo udr\u017eiavacie pr\u00e1ce, ktor\u00e9 po ohl\u00e1sen\u00ed ur\u010dil na konanie o stavebnom z\u00e1mere.<\/p><\/div>\n\t\t\t\t<\/div>\n\t\t\t\t\t\t\t<div class=\"elementor-toggle-item\">\n\t\t\t\t\t<h6 id=\"elementor-tab-title-7563\" class=\"elementor-tab-title\" data-tab=\"3\" role=\"button\" aria-controls=\"elementor-tab-content-7563\" aria-expanded=\"false\">\n\t\t\t\t\t\t\t\t\t\t\t\t<a class=\"elementor-toggle-title\" tabindex=\"0\">Je pod\u013ea nov\u00e9ho z\u00e1kona \u010d. 25\/2025 z.z kolaud\u00e1cia stavieb ?<\/a>\n\t\t\t\t\t<\/h6>\n\n\t\t\t\t\t<div id=\"elementor-tab-content-7563\" class=\"elementor-tab-content elementor-clearfix\" data-tab=\"3\" role=\"region\" aria-labelledby=\"elementor-tab-title-7563\"><p data-start=\"1454\" data-end=\"1840\">Nov\u00fd z\u00e1kon o v\u00fdstavbe zjednodu\u0161uje kolaud\u00e1ciu \u2013 dokladom o kolaud\u00e1cii nie je konanie ale\u00a0 <strong data-start=\"1533\" data-end=\"1567\">kolauda\u010dn\u00e9 osved\u010denie<\/strong>.\u00a0<\/p><p data-start=\"1454\" data-end=\"1840\">\u00a0Kolaud\u00e1cia sa vy\u017eaduje na nov\u00fa stavbu, zmenu dokon\u010denej stavby a ter\u00e9nnu \u00fapravu, na ktor\u00fa bolo potrebn\u00e9 rozhodnutie o stavebnom z\u00e1mere. Kolaud\u00e1cia sa nevy\u017eaduje na stavby, ktor\u00e9 sa ohlasuj\u00fa a stavebn\u00e9 \u00fapravy; to neplat\u00ed, ak s\u00fa stavebn\u00e9 \u00fapravy spojen\u00e9 so zmenou v u\u017e\u00edvan\u00ed stavby.<\/p><p data-start=\"1454\" data-end=\"1840\">\u00a0<\/p><\/div>\n\t\t\t\t<\/div>\n\t\t\t\t\t\t\t\t<\/div>\n\t\t\t\t\t\t<\/div>\n\t\t\t\t<div class=\"elementor-element elementor-element-313f6625 elementor-widget__width-inherit elementor-hidden-desktop elementor-hidden-tablet elementor-hidden-mobile elementor-widget elementor-widget-toggle\" data-id=\"313f6625\" data-element_type=\"widget\" data-widget_type=\"toggle.default\">\n\t\t\t\t\t\t\t<div class=\"elementor-toggle\">\n\t\t\t\t\t\t\t<div class=\"elementor-toggle-item\">\n\t\t\t\t\t<h6 id=\"elementor-tab-title-8261\" class=\"elementor-tab-title\" data-tab=\"1\" role=\"button\" aria-controls=\"elementor-tab-content-8261\" aria-expanded=\"false\">\n\t\t\t\t\t\t\t\t\t\t\t\t<a class=\"elementor-toggle-title\" tabindex=\"0\">Lorem ipsum dolor sit amet, consectetur adipiscing elit?<\/a>\n\t\t\t\t\t<\/h6>\n\n\t\t\t\t\t<div id=\"elementor-tab-content-8261\" class=\"elementor-tab-content elementor-clearfix\" data-tab=\"1\" role=\"region\" aria-labelledby=\"elementor-tab-title-8261\"><p>Lorem ipsum dolor sit amet, consectetur adipiscing elit, sed do eiusmod tempor incididunt labore et dolore magna aliqua. Ut enim ad minim veniam, quis nostrud exercitation ullamco laboris nisi ut aliquip ex ea commodo consequat.<\/p><\/div>\n\t\t\t\t<\/div>\n\t\t\t\t\t\t\t<div class=\"elementor-toggle-item\">\n\t\t\t\t\t<h6 id=\"elementor-tab-title-8262\" class=\"elementor-tab-title\" data-tab=\"2\" role=\"button\" aria-controls=\"elementor-tab-content-8262\" aria-expanded=\"false\">\n\t\t\t\t\t\t\t\t\t\t\t\t<a class=\"elementor-toggle-title\" tabindex=\"0\">Lorem ipsum dolor sit amet, consectetur adipiscing elit?<\/a>\n\t\t\t\t\t<\/h6>\n\n\t\t\t\t\t<div id=\"elementor-tab-content-8262\" class=\"elementor-tab-content elementor-clearfix\" data-tab=\"2\" role=\"region\" aria-labelledby=\"elementor-tab-title-8262\"><p>Lorem ipsum dolor sit amet, consectetur adipiscing elit, sed do eiusmod tempor incididunt labore et dolore magna aliqua. Ut enim ad minim veniam, quis nostrud exercitation ullamco laboris nisi ut aliquip ex ea commodo consequat.<\/p><\/div>\n\t\t\t\t<\/div>\n\t\t\t\t\t\t\t<div class=\"elementor-toggle-item\">\n\t\t\t\t\t<h6 id=\"elementor-tab-title-8263\" class=\"elementor-tab-title\" data-tab=\"3\" role=\"button\" aria-controls=\"elementor-tab-content-8263\" aria-expanded=\"false\">\n\t\t\t\t\t\t\t\t\t\t\t\t<a class=\"elementor-toggle-title\" tabindex=\"0\">Lorem ipsum dolor sit amet, consectetur adipiscing elit?<\/a>\n\t\t\t\t\t<\/h6>\n\n\t\t\t\t\t<div id=\"elementor-tab-content-8263\" class=\"elementor-tab-content elementor-clearfix\" data-tab=\"3\" role=\"region\" aria-labelledby=\"elementor-tab-title-8263\"><p>Lorem ipsum dolor sit amet, consectetur adipiscing elit, sed do eiusmod tempor incididunt labore et dolore magna aliqua. Ut enim ad minim veniam, quis nostrud exercitation ullamco laboris nisi ut aliquip ex ea commodo consequat.<\/p><\/div>\n\t\t\t\t<\/div>\n\t\t\t\t\t\t\t<div class=\"elementor-toggle-item\">\n\t\t\t\t\t<h6 id=\"elementor-tab-title-8264\" class=\"elementor-tab-title\" data-tab=\"4\" role=\"button\" aria-controls=\"elementor-tab-content-8264\" aria-expanded=\"false\">\n\t\t\t\t\t\t\t\t\t\t\t\t<a class=\"elementor-toggle-title\" tabindex=\"0\">Lorem ipsum dolor sit amet, consectetur adipiscing elit?<\/a>\n\t\t\t\t\t<\/h6>\n\n\t\t\t\t\t<div id=\"elementor-tab-content-8264\" class=\"elementor-tab-content elementor-clearfix\" data-tab=\"4\" role=\"region\" aria-labelledby=\"elementor-tab-title-8264\"><p>Lorem ipsum dolor sit amet, consectetur adipiscing elit, sed do eiusmod tempor incididunt labore et dolore magna aliqua. Ut enim ad minim veniam, quis nostrud exercitation ullamco laboris nisi ut aliquip ex ea commodo consequat.<\/p><\/div>\n\t\t\t\t<\/div>\n\t\t\t\t\t\t\t\t<\/div>\n\t\t\t\t\t\t<\/div>\n\t\t\t\t<\/div>\n\t\t\t\t<\/div>\n\t\t\t\t<\/div>\n\t\t","protected":false},"excerpt":{"rendered":"<p>M\u00e1te postaven\u00e9 stavba je hotov\u00e1, \u010dak\u00e1 na kolaud\u00e1ciu Stavba je dokon\u010den\u00e1, ale \u010dak\u00e1 na pr\u00e1vne skolaudovanie? Pom\u00f4\u017eeme v\u00e1m preveri\u0165 v\u0161etky potrebn\u00e9 dokumenty a postupy, aby bola stavba v s\u00falade s aktu\u00e1lnymi predpismi. Porad\u00edme pri vybaven\u00ed kolaud\u00e1cie, \u010di ide o novostavbu alebo star\u0161iu stavbu, a zabezpe\u010d\u00edme, aby cel\u00fd proces prebehol hladko a bez zbyto\u010dn\u00fdch komplik\u00e1ci\u00ed\u00a0 Register [&hellip;]<\/p>\n","protected":false},"author":1,"featured_media":533,"parent":534,"menu_order":0,"comment_status":"closed","ping_status":"closed","template":"elementor_header_footer","meta":{"footnotes":""},"class_list":["post-607","page","type-page","status-publish","has-post-thumbnail","hentry"],"_links":{"self":[{"href":"https:\/\/ingine.sk\/index.php?rest_route=\/wp\/v2\/pages\/607","targetHints":{"allow":["GET"]}}],"collection":[{"href":"https:\/\/ingine.sk\/index.php?rest_route=\/wp\/v2\/pages"}],"about":[{"href":"https:\/\/ingine.sk\/index.php?rest_route=\/wp\/v2\/types\/page"}],"author":[{"embeddable":true,"href":"https:\/\/ingine.sk\/index.php?rest_route=\/wp\/v2\/users\/1"}],"replies":[{"embeddable":true,"href":"https:\/\/ingine.sk\/index.php?rest_route=%2Fwp%2Fv2%2Fcomments&post=607"}],"version-history":[{"count":52,"href":"https:\/\/ingine.sk\/index.php?rest_route=\/wp\/v2\/pages\/607\/revisions"}],"predecessor-version":[{"id":1179,"href":"https:\/\/ingine.sk\/index.php?rest_route=\/wp\/v2\/pages\/607\/revisions\/1179"}],"up":[{"embeddable":true,"href":"https:\/\/ingine.sk\/index.php?rest_route=\/wp\/v2\/pages\/534"}],"wp:featuredmedia":[{"embeddable":true,"href":"https:\/\/ingine.sk\/index.php?rest_route=\/wp\/v2\/media\/533"}],"wp:attachment":[{"href":"https:\/\/ingine.sk\/index.php?rest_route=%2Fwp%2Fv2%2Fmedia&parent=607"}],"curies":[{"name":"wp","href":"https:\/\/api.w.org\/{rel}","templated":true}]}}